{"id":544,"date":"2017-10-18T11:17:03","date_gmt":"2017-10-18T11:17:03","guid":{"rendered":"https:\/\/realavocat.com\/?page_id=544"},"modified":"2017-10-18T20:24:59","modified_gmt":"2017-10-18T20:24:59","slug":"actualites","status":"publish","type":"page","link":"https:\/\/realavocat.com\/fr\/actualites\/","title":{"rendered":"ACTUALIT\u00c9S"},"content":{"rendered":"<div id='full_slider_1'  class='avia-fullwidth-slider main_color avia-shadow   avia-builder-el-0  el_before_av_one_fifth  avia-builder-el-first   container_wrap fullsize'  ><div   data-size='no scaling'  data-lightbox_size='large'  data-animation='fade'  data-conditional_play=''  data-ids='174,183'  data-video_counter='0'  data-autoplay='true'  data-bg_slider='false'  data-slide_height=''  data-handle='av_slideshow_full'  data-interval='5'  data-class=' image_no_stretch'  data-el_id=''  data-css_id=''  data-scroll_down=''  data-control_layout='av-control-hidden'  data-custom_markup=''  data-perma_caption=''  data-autoplay_stopper=''  data-image_attachment=''  data-min_height='0px'  data-lazy_loading='disabled'  data-src=''  data-position='top left'  data-repeat='no-repeat'  data-attach='scroll'  data-stretch='image_no_stretch'  data-img_scrset=''  class='avia-slideshow avia-slideshow-1  av-control-hidden av-default-height-applied avia-slideshow-no scaling av_slideshow_full  image_no_stretch avia-fade-slider '  itemprop=\"image\" itemscope=\"itemscope\" itemtype=\"https:\/\/schema.org\/ImageObject\" ><ul class='avia-slideshow-inner ' style='padding-bottom: 11.40625%;' ><li  class=' slide-1 ' ><div data-rel='slideshow-1' class='avia-slide-wrap '   ><img decoding=\"async\" class=\"wp-image-1013 avia-img-lazy-loading-not-1013\"  src=\"https:\/\/realavocat.com\/wp-content\/uploads\/2015\/09\/about.jpg\" width=\"1920\" height=\"219\" title='about' alt=''  itemprop=\"thumbnailUrl\" srcset=\"https:\/\/realavocat.com\/wp-content\/uploads\/2015\/09\/about.jpg 1920w, https:\/\/realavocat.com\/wp-content\/uploads\/2015\/09\/about-300x34.jpg 300w, https:\/\/realavocat.com\/wp-content\/uploads\/2015\/09\/about-1030x117.jpg 1030w, https:\/\/realavocat.com\/wp-content\/uploads\/2015\/09\/about-1500x171.jpg 1500w, https:\/\/realavocat.com\/wp-content\/uploads\/2015\/09\/about-705x80.jpg 705w, https:\/\/realavocat.com\/wp-content\/uploads\/2015\/09\/about-450x51.jpg 450w\" sizes=\"(max-width: 1920px) 100vw, 1920px\" \/><\/div><\/li><li  class=' slide-2 ' ><div data-rel='slideshow-1' class='avia-slide-wrap '   ><img decoding=\"async\" class=\"wp-image-1015 avia-img-lazy-loading-not-1015\"  src=\"https:\/\/realavocat.com\/wp-content\/uploads\/2015\/09\/abt1.jpg\" width=\"1920\" height=\"219\" title='abt' alt=''  itemprop=\"thumbnailUrl\" srcset=\"https:\/\/realavocat.com\/wp-content\/uploads\/2015\/09\/abt1.jpg 1920w, https:\/\/realavocat.com\/wp-content\/uploads\/2015\/09\/abt1-300x34.jpg 300w, https:\/\/realavocat.com\/wp-content\/uploads\/2015\/09\/abt1-1030x117.jpg 1030w, https:\/\/realavocat.com\/wp-content\/uploads\/2015\/09\/abt1-1500x171.jpg 1500w, https:\/\/realavocat.com\/wp-content\/uploads\/2015\/09\/abt1-705x80.jpg 705w, https:\/\/realavocat.com\/wp-content\/uploads\/2015\/09\/abt1-450x51.jpg 450w\" sizes=\"(max-width: 1920px) 100vw, 1920px\" \/><\/div><\/li><\/ul><div class='avia-slideshow-arrows avia-slideshow-controls' ><a href='#prev' class='prev-slide ' aria-hidden='true' data-av_icon='\ue87c' data-av_iconfont='entypo-fontello'  tabindex='-1'>Pr\u00e9c\u00e9dent<\/a><a href='#next' class='next-slide ' aria-hidden='true' data-av_icon='\ue87d' data-av_iconfont='entypo-fontello'  tabindex='-1'>Suivant<\/a><\/div><div class='avia-slideshow-dots avia-slideshow-controls'><a href='#1' class='goto-slide active' >1<\/a><a href='#2' class='goto-slide ' >2<\/a><\/div><\/div><\/div><div id='after_full_slider_1'  class='main_color av_default_container_wrap container_wrap fullsize'  ><div class='container av-section-cont-open' ><div class='template-page content  av-content-full alpha units'><div class='post-entry post-entry-type-page post-entry-544'><div class='entry-content-wrapper clearfix'>\n\n<style type=\"text\/css\" data-created_by=\"avia_inline_auto\" id=\"style-css-av-av_one_fifth-352b07ef7d3bc99b2e9f92e7a9e06bdb\">\n.flex_column.av-av_one_fifth-352b07ef7d3bc99b2e9f92e7a9e06bdb{\nborder-radius:0px 0px 0px 0px;\n-webkit-border-radius:0px 0px 0px 0px;\n-moz-border-radius:0px 0px 0px 0px;\n}\n<\/style>\n<div class='flex_column av-av_one_fifth-352b07ef7d3bc99b2e9f92e7a9e06bdb av_one_fifth  avia-builder-el-1  el_after_av_slideshow_full  el_before_av_three_fifth  avia-builder-el-first  first flex_column_div av-zero-column-padding '   ><\/div>\n\n<style type=\"text\/css\" data-created_by=\"avia_inline_auto\" id=\"style-css-av-av_three_fifth-2a64de42b738552fe666ca889af77e28\">\n.flex_column.av-av_three_fifth-2a64de42b738552fe666ca889af77e28{\nborder-radius:0px 0px 0px 0px;\n-webkit-border-radius:0px 0px 0px 0px;\n-moz-border-radius:0px 0px 0px 0px;\n}\n<\/style>\n<div class='flex_column av-av_three_fifth-2a64de42b738552fe666ca889af77e28 av_three_fifth  avia-builder-el-2  el_after_av_one_fifth  el_before_av_one_fifth  flex_column_div av-zero-column-padding '   ><p>\n<style type=\"text\/css\" data-created_by=\"avia_inline_auto\" id=\"style-css-av-av_heading-176601f4de8143bb68e4c9af0acc79e1\">\n#top .av-special-heading.av-av_heading-176601f4de8143bb68e4c9af0acc79e1{\npadding-bottom:10px;\nfont-size:30px;\n}\nbody .av-special-heading.av-av_heading-176601f4de8143bb68e4c9af0acc79e1 .av-special-heading-tag .heading-char{\nfont-size:25px;\n}\n#top #wrap_all .av-special-heading.av-av_heading-176601f4de8143bb68e4c9af0acc79e1 .av-special-heading-tag{\nfont-size:30px;\n}\n.av-special-heading.av-av_heading-176601f4de8143bb68e4c9af0acc79e1 .av-subheading{\nfont-size:15px;\n}\n<\/style>\n<div  class='av-special-heading av-av_heading-176601f4de8143bb68e4c9af0acc79e1 av-special-heading-h1 blockquote modern-quote modern-centered  avia-builder-el-3  el_before_av_hr  avia-builder-el-first  av-inherit-size'><h1 class='av-special-heading-tag'  itemprop=\"headline\"  >ACTUALIT\u00c9S<\/h1><div class=\"special-heading-border\"><div class=\"special-heading-inner-border\"><\/div><\/div><\/div><br \/>\n\n<style type=\"text\/css\" data-created_by=\"avia_inline_auto\" id=\"style-css-av-av_hr-ee2847e2e025ce3d30801259a03f9fd4\">\n#top .hr.hr-invisible.av-av_hr-ee2847e2e025ce3d30801259a03f9fd4{\nheight:10px;\n}\n<\/style>\n<div  class='hr av-av_hr-ee2847e2e025ce3d30801259a03f9fd4 hr-invisible  avia-builder-el-4  el_after_av_heading  avia-builder-el-last '><span class='hr-inner '><span class=\"hr-inner-style\"><\/span><\/span><\/div><\/p><\/div>\n\n<style type=\"text\/css\" data-created_by=\"avia_inline_auto\" id=\"style-css-av-av_one_fifth-2a64de42b738552fe666ca889af77e28\">\n.flex_column.av-av_one_fifth-2a64de42b738552fe666ca889af77e28{\nborder-radius:0px 0px 0px 0px;\n-webkit-border-radius:0px 0px 0px 0px;\n-moz-border-radius:0px 0px 0px 0px;\n}\n<\/style>\n<div class='flex_column av-av_one_fifth-2a64de42b738552fe666ca889af77e28 av_one_fifth  avia-builder-el-5  el_after_av_three_fifth  el_before_av_one_full  flex_column_div av-zero-column-padding '   ><\/div>\n\n<style type=\"text\/css\" data-created_by=\"avia_inline_auto\" id=\"style-css-av-av_one_full-352b07ef7d3bc99b2e9f92e7a9e06bdb\">\n.flex_column.av-av_one_full-352b07ef7d3bc99b2e9f92e7a9e06bdb{\nborder-radius:0px 0px 0px 0px;\n-webkit-border-radius:0px 0px 0px 0px;\n-moz-border-radius:0px 0px 0px 0px;\n}\n<\/style>\n<div class='flex_column av-av_one_full-352b07ef7d3bc99b2e9f92e7a9e06bdb av_one_full  avia-builder-el-6  el_after_av_one_fifth  avia-builder-el-last  first flex_column_div av-zero-column-padding column-top-margin'   ><div id='av-masonry-1' class='av-masonry av-av_masonry_entries-337b304b32a4987b6ab2e13b9ec3992e noHover av-fixed-size av-large-gap av-hover-overlay-active av-masonry-animation-active av-masonry-col-flexible av-caption-always av-caption-style- av-masonry-entries '><div class=\"av-masonry-container isotope av-js-disabled\"><div class='av-masonry-entry isotope-item av-masonry-item-no-image '><\/div><a href=\"https:\/\/realavocat.com\/fr\/2020\/12\/11\/the-untiring-pandemic-sports-and-dance-during-the-covid-19-crisis-the-impact-of-covid-19-on-the-field-of-sport-and-dance-what-about-the-consequences-of-government-restrictions-in-the-fight-agai\/\"  id='av-masonry-1-item-882' data-av-masonry-item='882' class='av-masonry-entry isotope-item post-882 post type-post status-publish format-standard hentry category-non-classifiee  av-masonry-item-no-image' title=\"L\u2019(IN)FATIGABLE PANDEMIE  : Le domaine de la danse pendant la crise du COVID-19 L\u2019impact du Covid-19 sur la danse: Quid des cons\u00e9quences des restrictions gouvernementales de lutte contre le Covid-19 ?\"  itemscope=\"itemscope\" itemtype=\"https:\/\/schema.org\/CreativeWork\" ><div class='av-inner-masonry-sizer'><\/div><figure class='av-inner-masonry main_color'><figcaption class='av-inner-masonry-content site-background'><div class='av-inner-masonry-content-pos'><div class='av-inner-masonry-content-pos-content'><div class='avia-arrow'><\/div><h3 class='av-masonry-entry-title entry-title '  itemprop=\"headline\" >L\u2019(IN)FATIGABLE PANDEMIE  : Le domaine de la danse pendant la crise du COVID-19 L\u2019impact du Covid-19 sur la danse: Quid des cons\u00e9quences des restrictions gouvernementales de lutte contre le Covid-19 ?<\/h3><span class='av-masonry-date meta-color updated'>d\u00e9cembre 11, 2020<\/span><span class=\"av-masonry-text-sep text-sep-author\">\/<\/span><span class='av-masonry-author meta-color author'><span class='fn'>par mreal<\/span><\/span><\/div><\/div><\/figcaption><\/figure><\/a><!--end av-masonry entry--><a href=\"https:\/\/realavocat.com\/fr\/2020\/07\/16\/la-pandemie-fantome-violence-contre-les-femmes-pendant-le-covid-19\/\"  id='av-masonry-1-item-854' data-av-masonry-item='854' class='av-masonry-entry isotope-item post-854 post type-post status-publish format-standard hentry category-non-classifiee  av-masonry-item-no-image' title=\"LA PANDEMIE \u00ab FANT\u00d4ME \u00bb :  Violence contre les femmes pendant le COVID-19\"  itemscope=\"itemscope\" itemtype=\"https:\/\/schema.org\/CreativeWork\" ><div class='av-inner-masonry-sizer'><\/div><figure class='av-inner-masonry main_color'><figcaption class='av-inner-masonry-content site-background'><div class='av-inner-masonry-content-pos'><div class='av-inner-masonry-content-pos-content'><div class='avia-arrow'><\/div><h3 class='av-masonry-entry-title entry-title '  itemprop=\"headline\" >LA PANDEMIE \u00ab FANT\u00d4ME \u00bb :  Violence contre les femmes pendant le COVID-19<\/h3><span class='av-masonry-date meta-color updated'>juillet 16, 2020<\/span><span class=\"av-masonry-text-sep text-sep-author\">\/<\/span><span class='av-masonry-author meta-color author'><span class='fn'>par mreal<\/span><\/span><\/div><\/div><\/figcaption><\/figure><\/a><!--end av-masonry entry--><a href=\"https:\/\/realavocat.com\/fr\/2020\/05\/07\/les-droits-de-visite-et-dhebergement-quen-est-il-des-droits-des-parents-et-des-droits-de-lenfant-en-temps-de-confinement\/\"  id='av-masonry-1-item-847' data-av-masonry-item='847' class='av-masonry-entry isotope-item post-847 post type-post status-publish format-standard hentry category-non-classifiee  av-masonry-item-no-image' title=\"LES DROITS DE VISITE ET D\u2019H\u00c9BERGEMENT :  QU\u2019EN EST-IL DES DROITS DES PARENTS ET DES DROITS DE L\u2019ENFANT  EN TEMPS DE CONFINEMENT ?\"  itemscope=\"itemscope\" itemtype=\"https:\/\/schema.org\/CreativeWork\" ><div class='av-inner-masonry-sizer'><\/div><figure class='av-inner-masonry main_color'><figcaption class='av-inner-masonry-content site-background'><div class='av-inner-masonry-content-pos'><div class='av-inner-masonry-content-pos-content'><div class='avia-arrow'><\/div><h3 class='av-masonry-entry-title entry-title '  itemprop=\"headline\" >LES DROITS DE VISITE ET D\u2019H\u00c9BERGEMENT :  QU\u2019EN EST-IL DES DROITS DES PARENTS ET DES DROITS DE L\u2019ENFANT  EN TEMPS DE CONFINEMENT ?<\/h3><span class='av-masonry-date meta-color updated'>mai 7, 2020<\/span><span class=\"av-masonry-text-sep text-sep-author\">\/<\/span><span class='av-masonry-author meta-color author'><span class='fn'>par mreal<\/span><\/span><\/div><\/div><\/figcaption><\/figure><\/a><!--end av-masonry entry--><a href=\"https:\/\/realavocat.com\/fr\/2020\/05\/04\/montee-des-cas-de-violences-conjugales-et-des-demandes-en-divorce-en-periode-de-confinement-au-grand-duche-de-luxembourg\/\"  id='av-masonry-1-item-841' data-av-masonry-item='841' class='av-masonry-entry isotope-item post-841 post type-post status-publish format-standard hentry category-non-classifiee  av-masonry-item-no-image' title=\"MONTEE DES CAS DE VIOLENCES CONJUGALES ET DES DEMANDES EN DIVORCE EN PERIODE DE CONFINEMENT AU GRAND-DUCHE DE LUXEMBOURG ?\"  itemscope=\"itemscope\" itemtype=\"https:\/\/schema.org\/CreativeWork\" ><div class='av-inner-masonry-sizer'><\/div><figure class='av-inner-masonry main_color'><figcaption class='av-inner-masonry-content site-background'><div class='av-inner-masonry-content-pos'><div class='av-inner-masonry-content-pos-content'><div class='avia-arrow'><\/div><h3 class='av-masonry-entry-title entry-title '  itemprop=\"headline\" >MONTEE DES CAS DE VIOLENCES CONJUGALES ET DES DEMANDES EN DIVORCE EN PERIODE DE CONFINEMENT AU GRAND-DUCHE DE LUXEMBOURG ?<\/h3><span class='av-masonry-date meta-color updated'>mai 4, 2020<\/span><span class=\"av-masonry-text-sep text-sep-author\">\/<\/span><span class='av-masonry-author meta-color author'><span class='fn'>par mreal<\/span><\/span><\/div><\/div><\/figcaption><\/figure><\/a><!--end av-masonry entry--><a href=\"https:\/\/realavocat.com\/fr\/2020\/05\/03\/droit-de-limmigration-quen-est-il-de-covid-19\/\"  id='av-masonry-1-item-827' data-av-masonry-item='827' class='av-masonry-entry isotope-item post-827 post type-post status-publish format-standard hentry category-non-classifiee  av-masonry-item-no-image' title=\"DROIT DE L&rsquo;IMMIGRATION: QU&rsquo;EN EST-IL DE COVID-19?\"  itemscope=\"itemscope\" itemtype=\"https:\/\/schema.org\/CreativeWork\" ><div class='av-inner-masonry-sizer'><\/div><figure class='av-inner-masonry main_color'><figcaption class='av-inner-masonry-content site-background'><div class='av-inner-masonry-content-pos'><div class='av-inner-masonry-content-pos-content'><div class='avia-arrow'><\/div><h3 class='av-masonry-entry-title entry-title '  itemprop=\"headline\" >DROIT DE L&rsquo;IMMIGRATION: QU&rsquo;EN EST-IL DE COVID-19?<\/h3><span class='av-masonry-date meta-color updated'>mai 3, 2020<\/span><span class=\"av-masonry-text-sep text-sep-author\">\/<\/span><span class='av-masonry-author meta-color author'><span class='fn'>par mreal<\/span><\/span><\/div><\/div><\/figcaption><\/figure><\/a><!--end av-masonry entry--><a href=\"https:\/\/realavocat.com\/fr\/2020\/03\/27\/les-mesures-de-soutien-aux-entreprises-pendant-la-periode-de-confinement\/\"  id='av-masonry-1-item-821' data-av-masonry-item='821' class='av-masonry-entry isotope-item post-821 post type-post status-publish format-standard hentry category-non-classifiee  av-masonry-item-no-image' title=\"LES MESURES DE SOUTIEN AUX ENTREPRISES  PENDANT LA PERIODE DE CONFINEMENT\"  itemscope=\"itemscope\" itemtype=\"https:\/\/schema.org\/CreativeWork\" ><div class='av-inner-masonry-sizer'><\/div><figure class='av-inner-masonry main_color'><figcaption class='av-inner-masonry-content site-background'><div class='av-inner-masonry-content-pos'><div class='av-inner-masonry-content-pos-content'><div class='avia-arrow'><\/div><h3 class='av-masonry-entry-title entry-title '  itemprop=\"headline\" >LES MESURES DE SOUTIEN AUX ENTREPRISES  PENDANT LA PERIODE DE CONFINEMENT<\/h3><span class='av-masonry-date meta-color updated'>mars 27, 2020<\/span><span class=\"av-masonry-text-sep text-sep-author\">\/<\/span><span class='av-masonry-author meta-color author'><span class='fn'>par mreal<\/span><\/span><\/div><\/div><\/figcaption><\/figure><\/a><!--end av-masonry entry--><a href=\"https:\/\/realavocat.com\/fr\/2020\/03\/26\/les-droits-de-visite-et-dhebergement-en-temps-de-confinement\/\"  id='av-masonry-1-item-814' data-av-masonry-item='814' class='av-masonry-entry isotope-item post-814 post type-post status-publish format-standard hentry category-non-classifiee  av-masonry-item-no-image' title=\"LES DROITS DE VISITE ET D\u2019H\u00c9BERGEMENT EN TEMPS DE CONFINEMENT\"  itemscope=\"itemscope\" itemtype=\"https:\/\/schema.org\/CreativeWork\" ><div class='av-inner-masonry-sizer'><\/div><figure class='av-inner-masonry main_color'><figcaption class='av-inner-masonry-content site-background'><div class='av-inner-masonry-content-pos'><div class='av-inner-masonry-content-pos-content'><div class='avia-arrow'><\/div><h3 class='av-masonry-entry-title entry-title '  itemprop=\"headline\" >LES DROITS DE VISITE ET D\u2019H\u00c9BERGEMENT EN TEMPS DE CONFINEMENT<\/h3><span class='av-masonry-date meta-color updated'>mars 26, 2020<\/span><span class=\"av-masonry-text-sep text-sep-author\">\/<\/span><span class='av-masonry-author meta-color author'><span class='fn'>par mreal<\/span><\/span><\/div><\/div><\/figcaption><\/figure><\/a><!--end av-masonry entry--><a href=\"https:\/\/realavocat.com\/fr\/2019\/04\/29\/les-avancees-legislatives-du-grand-duche-de-luxembourg-vis-a-vis-du-cannabis-vers-une-possible-legalisation-du-cannabis-recreatif-au-meme-titre-que-le-cannabis-therapeutique\/\"  id='av-masonry-1-item-798' data-av-masonry-item='798' class='av-masonry-entry isotope-item post-798 post type-post status-publish format-standard hentry category-non-classifiee  av-masonry-item-no-image' title=\"Les avanc\u00e9es l\u00e9gislatives du Grand-Duch\u00e9 de Luxembourg vis-\u00e0-vis du cannabis\u00a0: vers une possible l\u00e9galisation du cannabis r\u00e9cr\u00e9atif au m\u00eame titre que le cannabis th\u00e9rapeutique\u00a0?\"  itemscope=\"itemscope\" itemtype=\"https:\/\/schema.org\/CreativeWork\" ><div class='av-inner-masonry-sizer'><\/div><figure class='av-inner-masonry main_color'><figcaption class='av-inner-masonry-content site-background'><div class='av-inner-masonry-content-pos'><div class='av-inner-masonry-content-pos-content'><div class='avia-arrow'><\/div><h3 class='av-masonry-entry-title entry-title '  itemprop=\"headline\" >Les avanc\u00e9es l\u00e9gislatives du Grand-Duch\u00e9 de Luxembourg vis-\u00e0-vis du cannabis\u00a0: vers une possible l\u00e9galisation du cannabis r\u00e9cr\u00e9atif au m\u00eame titre que le cannabis th\u00e9rapeutique\u00a0?<\/h3><span class='av-masonry-date meta-color updated'>avril 29, 2019<\/span><span class=\"av-masonry-text-sep text-sep-author\">\/<\/span><span class='av-masonry-author meta-color author'><span class='fn'>par mreal<\/span><\/span><\/div><\/div><\/figcaption><\/figure><\/a><!--end av-masonry entry--><a href=\"https:\/\/realavocat.com\/fr\/2019\/04\/25\/real-avocats-a-la-cour-audience-publique-en-droit-penal\/\"  id='av-masonry-1-item-794' data-av-masonry-item='794' class='av-masonry-entry isotope-item post-794 post type-post status-publish format-standard hentry category-non-classifiee  av-masonry-item-no-image' title=\"Real, Avocats \u00e0 la Cour : Audience publique en droit p\u00e9nal\"  itemscope=\"itemscope\" itemtype=\"https:\/\/schema.org\/CreativeWork\" ><div class='av-inner-masonry-sizer'><\/div><figure class='av-inner-masonry main_color'><figcaption class='av-inner-masonry-content site-background'><div class='av-inner-masonry-content-pos'><div class='av-inner-masonry-content-pos-content'><div class='avia-arrow'><\/div><h3 class='av-masonry-entry-title entry-title '  itemprop=\"headline\" >Real, Avocats \u00e0 la Cour : Audience publique en droit p\u00e9nal<\/h3><span class='av-masonry-date meta-color updated'>avril 25, 2019<\/span><span class=\"av-masonry-text-sep text-sep-author\">\/<\/span><span class='av-masonry-author meta-color author'><span class='fn'>par mreal<\/span><\/span><\/div><\/div><\/figcaption><\/figure><\/a><!--end av-masonry entry--><a href=\"https:\/\/realavocat.com\/fr\/2018\/11\/02\/les-grands-changements-de-la-reforme-du-droit-de-la-famille-applicable-a-compter-du-1er-novembre-2018\/\"  id='av-masonry-1-item-781' data-av-masonry-item='781' class='av-masonry-entry isotope-item post-781 post type-post status-publish format-standard hentry category-non-classifiee  av-masonry-item-no-image' title=\"Les grands changements de la r\u00e9forme du droit de la famille applicable \u00e0 compter du 1er novembre 2018\"  itemscope=\"itemscope\" itemtype=\"https:\/\/schema.org\/CreativeWork\" ><div class='av-inner-masonry-sizer'><\/div><figure class='av-inner-masonry main_color'><figcaption class='av-inner-masonry-content site-background'><div class='av-inner-masonry-content-pos'><div class='av-inner-masonry-content-pos-content'><div class='avia-arrow'><\/div><h3 class='av-masonry-entry-title entry-title '  itemprop=\"headline\" >Les grands changements de la r\u00e9forme du droit de la famille applicable \u00e0 compter du 1er novembre 2018<\/h3><span class='av-masonry-date meta-color updated'>novembre 2, 2018<\/span><span class=\"av-masonry-text-sep text-sep-author\">\/<\/span><span class='av-masonry-author meta-color author'><span class='fn'>par mreal<\/span><\/span><\/div><\/div><\/figcaption><\/figure><\/a><!--end av-masonry entry--><a href=\"https:\/\/realavocat.com\/fr\/2018\/10\/31\/la-reforme-du-droit-de-la-famille-instituant-le-principe-de-lautorite-parentale-conjointe-a-la-recherche-dune-egalite-pour-tous-les-parents-independamment-de-leur-statut-juridique\/\"  id='av-masonry-1-item-768' data-av-masonry-item='768' class='av-masonry-entry isotope-item post-768 post type-post status-publish format-standard hentry category-non-classifiee  av-masonry-item-no-image' title=\"La r\u00e9forme du droit de la famille instituant le principe de l\u2019autorit\u00e9 parentale conjointe : \u00e0 la recherche d\u2019une \u00e9galit\u00e9 pour tous les parents ind\u00e9pendamment de leur statut juridique\"  itemscope=\"itemscope\" itemtype=\"https:\/\/schema.org\/CreativeWork\" ><div class='av-inner-masonry-sizer'><\/div><figure class='av-inner-masonry main_color'><figcaption class='av-inner-masonry-content site-background'><div class='av-inner-masonry-content-pos'><div class='av-inner-masonry-content-pos-content'><div class='avia-arrow'><\/div><h3 class='av-masonry-entry-title entry-title '  itemprop=\"headline\" >La r\u00e9forme du droit de la famille instituant le principe de l\u2019autorit\u00e9 parentale conjointe : \u00e0 la recherche d\u2019une \u00e9galit\u00e9 pour tous les parents ind\u00e9pendamment de leur statut juridique<\/h3><span class='av-masonry-date meta-color updated'>octobre 31, 2018<\/span><span class=\"av-masonry-text-sep text-sep-author\">\/<\/span><span class='av-masonry-author meta-color author'><span class='fn'>par mreal<\/span><\/span><\/div><\/div><\/figcaption><\/figure><\/a><!--end av-masonry entry--><a href=\"https:\/\/realavocat.com\/fr\/2018\/10\/31\/les-garanties-issues-de-linstitution-du-juge-aux-affaires-familiales-entre-simplification-rapidite-et-reduction-des-couts-de-la-procedure-dans-linteret-des-familles\/\"  id='av-masonry-1-item-765' data-av-masonry-item='765' class='av-masonry-entry isotope-item post-765 post type-post status-publish format-standard hentry category-non-classifiee  av-masonry-item-no-image' title=\"Les garanties issues de l\u2019institution du Juge aux affaires familiales : entre simplification, rapidit\u00e9, et r\u00e9duction des co\u00fbts de la proc\u00e9dure dans l\u2019int\u00e9r\u00eat des familles\"  itemscope=\"itemscope\" itemtype=\"https:\/\/schema.org\/CreativeWork\" ><div class='av-inner-masonry-sizer'><\/div><figure class='av-inner-masonry main_color'><figcaption class='av-inner-masonry-content site-background'><div class='av-inner-masonry-content-pos'><div class='av-inner-masonry-content-pos-content'><div class='avia-arrow'><\/div><h3 class='av-masonry-entry-title entry-title '  itemprop=\"headline\" >Les garanties issues de l\u2019institution du Juge aux affaires familiales : entre simplification, rapidit\u00e9, et r\u00e9duction des co\u00fbts de la proc\u00e9dure dans l\u2019int\u00e9r\u00eat des familles<\/h3><span class='av-masonry-date meta-color updated'>octobre 31, 2018<\/span><span class=\"av-masonry-text-sep text-sep-author\">\/<\/span><span class='av-masonry-author meta-color author'><span class='fn'>par mreal<\/span><\/span><\/div><\/div><\/figcaption><\/figure><\/a><!--end av-masonry entry--><\/div><div class='av-masonry-pagination av-masonry-pagination-pagination'><nav class='pagination'><span class='pagination-meta'>Page 1 sur 2<\/span><span class='current'>1<\/span><a href='https:\/\/realavocat.com\/fr\/wp-json\/wp\/v2\/pages\/544\/?avia-element-paging=2' class='inactive next_page' >2<\/a><\/nav>\n<\/div><\/div><\/div>\n","protected":false},"excerpt":{"rendered":"","protected":false},"author":3,"featured_media":0,"parent":0,"menu_order":0,"comment_status":"closed","ping_status":"closed","template":"","meta":{"footnotes":""},"class_list":["post-544","page","type-page","status-publish","hentry"],"_links":{"self":[{"href":"https:\/\/realavocat.com\/fr\/wp-json\/wp\/v2\/pages\/544","targetHints":{"allow":["GET"]}}],"collection":[{"href":"https:\/\/realavocat.com\/fr\/wp-json\/wp\/v2\/pages"}],"about":[{"href":"https:\/\/realavocat.com\/fr\/wp-json\/wp\/v2\/types\/page"}],"author":[{"embeddable":true,"href":"https:\/\/realavocat.com\/fr\/wp-json\/wp\/v2\/users\/3"}],"replies":[{"embeddable":true,"href":"https:\/\/realavocat.com\/fr\/wp-json\/wp\/v2\/comments?post=544"}],"version-history":[{"count":4,"href":"https:\/\/realavocat.com\/fr\/wp-json\/wp\/v2\/pages\/544\/revisions"}],"predecessor-version":[{"id":1179,"href":"https:\/\/realavocat.com\/fr\/wp-json\/wp\/v2\/pages\/544\/revisions\/1179"}],"wp:attachment":[{"href":"https:\/\/realavocat.com\/fr\/wp-json\/wp\/v2\/media?parent=544"}],"curies":[{"name":"wp","href":"https:\/\/api.w.org\/{rel}","templated":true}]}}