{"id":407,"date":"2017-10-05T22:40:41","date_gmt":"2017-10-05T22:40:41","guid":{"rendered":"https:\/\/realavocat.com\/fr\/?page_id=407"},"modified":"2023-06-11T17:08:26","modified_gmt":"2023-06-11T17:08:26","slug":"equipe","status":"publish","type":"page","link":"https:\/\/realavocat.com\/fr\/equipe\/","title":{"rendered":"EQUIPE"},"content":{"rendered":"<div id='full_slider_1'  class='avia-fullwidth-slider main_color avia-shadow   avia-builder-el-0  el_before_av_one_fifth  avia-builder-el-first   container_wrap fullsize'  ><div   data-size='no scaling'  data-lightbox_size='large'  data-animation='fade'  data-conditional_play=''  data-ids='174,183'  data-video_counter='0'  data-autoplay='true'  data-bg_slider='false'  data-slide_height=''  data-handle='av_slideshow_full'  data-interval='5'  data-class=' image_no_stretch'  data-el_id=''  data-css_id=''  data-scroll_down=''  data-control_layout='av-control-hidden'  data-custom_markup=''  data-perma_caption=''  data-autoplay_stopper=''  data-image_attachment=''  data-min_height='0px'  data-lazy_loading='disabled'  data-src=''  data-position='top left'  data-repeat='no-repeat'  data-attach='scroll'  data-stretch='image_no_stretch'  data-img_scrset=''  class='avia-slideshow avia-slideshow-1  av-control-hidden av-default-height-applied avia-slideshow-no scaling av_slideshow_full  image_no_stretch avia-fade-slider '  itemprop=\"image\" itemscope=\"itemscope\" itemtype=\"https:\/\/schema.org\/ImageObject\" ><ul class='avia-slideshow-inner ' style='padding-bottom: 11.40625%;' ><li  class=' slide-1 ' ><div data-rel='slideshow-1' class='avia-slide-wrap '   ><img decoding=\"async\" class=\"wp-image-1013 avia-img-lazy-loading-not-1013\"  src=\"https:\/\/realavocat.com\/wp-content\/uploads\/2015\/09\/about.jpg\" width=\"1920\" height=\"219\" title='about' alt=''  itemprop=\"thumbnailUrl\" srcset=\"https:\/\/realavocat.com\/wp-content\/uploads\/2015\/09\/about.jpg 1920w, https:\/\/realavocat.com\/wp-content\/uploads\/2015\/09\/about-300x34.jpg 300w, https:\/\/realavocat.com\/wp-content\/uploads\/2015\/09\/about-1030x117.jpg 1030w, https:\/\/realavocat.com\/wp-content\/uploads\/2015\/09\/about-1500x171.jpg 1500w, https:\/\/realavocat.com\/wp-content\/uploads\/2015\/09\/about-705x80.jpg 705w, https:\/\/realavocat.com\/wp-content\/uploads\/2015\/09\/about-450x51.jpg 450w\" sizes=\"(max-width: 1920px) 100vw, 1920px\" \/><\/div><\/li><li  class=' slide-2 ' ><div data-rel='slideshow-1' class='avia-slide-wrap '   ><img decoding=\"async\" class=\"wp-image-1015 avia-img-lazy-loading-not-1015\"  src=\"https:\/\/realavocat.com\/wp-content\/uploads\/2015\/09\/abt1.jpg\" width=\"1920\" height=\"219\" title='abt' alt=''  itemprop=\"thumbnailUrl\" srcset=\"https:\/\/realavocat.com\/wp-content\/uploads\/2015\/09\/abt1.jpg 1920w, https:\/\/realavocat.com\/wp-content\/uploads\/2015\/09\/abt1-300x34.jpg 300w, https:\/\/realavocat.com\/wp-content\/uploads\/2015\/09\/abt1-1030x117.jpg 1030w, https:\/\/realavocat.com\/wp-content\/uploads\/2015\/09\/abt1-1500x171.jpg 1500w, https:\/\/realavocat.com\/wp-content\/uploads\/2015\/09\/abt1-705x80.jpg 705w, https:\/\/realavocat.com\/wp-content\/uploads\/2015\/09\/abt1-450x51.jpg 450w\" sizes=\"(max-width: 1920px) 100vw, 1920px\" \/><\/div><\/li><\/ul><div class='avia-slideshow-arrows avia-slideshow-controls' ><a href='#prev' class='prev-slide ' aria-hidden='true' data-av_icon='\ue87c' data-av_iconfont='entypo-fontello'  tabindex='-1'>Pr\u00e9c\u00e9dent<\/a><a href='#next' class='next-slide ' aria-hidden='true' data-av_icon='\ue87d' data-av_iconfont='entypo-fontello'  tabindex='-1'>Suivant<\/a><\/div><div class='avia-slideshow-dots avia-slideshow-controls'><a href='#1' class='goto-slide active' >1<\/a><a href='#2' class='goto-slide ' >2<\/a><\/div><\/div><\/div><div id='after_full_slider_1'  class='main_color av_default_container_wrap container_wrap fullsize'  ><div class='container av-section-cont-open' ><div class='template-page content  av-content-full alpha units'><div class='post-entry post-entry-type-page post-entry-407'><div class='entry-content-wrapper clearfix'>\n\n<style type=\"text\/css\" data-created_by=\"avia_inline_auto\" id=\"style-css-av-av_one_fifth-352b07ef7d3bc99b2e9f92e7a9e06bdb\">\n.flex_column.av-av_one_fifth-352b07ef7d3bc99b2e9f92e7a9e06bdb{\nborder-radius:0px 0px 0px 0px;\n-webkit-border-radius:0px 0px 0px 0px;\n-moz-border-radius:0px 0px 0px 0px;\n}\n<\/style>\n<div class='flex_column av-av_one_fifth-352b07ef7d3bc99b2e9f92e7a9e06bdb av_one_fifth  avia-builder-el-1  el_after_av_slideshow_full  el_before_av_three_fifth  avia-builder-el-first  first flex_column_div av-zero-column-padding '   ><\/div>\n\n<style type=\"text\/css\" data-created_by=\"avia_inline_auto\" id=\"style-css-av-av_three_fifth-2a64de42b738552fe666ca889af77e28\">\n.flex_column.av-av_three_fifth-2a64de42b738552fe666ca889af77e28{\nborder-radius:0px 0px 0px 0px;\n-webkit-border-radius:0px 0px 0px 0px;\n-moz-border-radius:0px 0px 0px 0px;\n}\n<\/style>\n<div class='flex_column av-av_three_fifth-2a64de42b738552fe666ca889af77e28 av_three_fifth  avia-builder-el-2  el_after_av_one_fifth  el_before_av_one_fifth  flex_column_div av-zero-column-padding '   ><p>\n<style type=\"text\/css\" data-created_by=\"avia_inline_auto\" id=\"style-css-av-av_heading-2bf4d8def58f9170471b5dbe4cdb3de5\">\n#top .av-special-heading.av-av_heading-2bf4d8def58f9170471b5dbe4cdb3de5{\npadding-bottom:10px;\nfont-size:30px;\n}\nbody .av-special-heading.av-av_heading-2bf4d8def58f9170471b5dbe4cdb3de5 .av-special-heading-tag .heading-char{\nfont-size:25px;\n}\n#top #wrap_all .av-special-heading.av-av_heading-2bf4d8def58f9170471b5dbe4cdb3de5 .av-special-heading-tag{\nfont-size:30px;\n}\n.av-special-heading.av-av_heading-2bf4d8def58f9170471b5dbe4cdb3de5 .av-subheading{\nfont-size:15px;\n}\n<\/style>\n<div  class='av-special-heading av-av_heading-2bf4d8def58f9170471b5dbe4cdb3de5 av-special-heading-h1 blockquote modern-quote modern-centered  avia-builder-el-3  el_before_av_textblock  avia-builder-el-first  av-inherit-size'><h1 class='av-special-heading-tag'  itemprop=\"headline\"  >EQUIPE<\/h1><div class=\"special-heading-border\"><div class=\"special-heading-inner-border\"><\/div><\/div><\/div><br \/>\n<section  class='av_textblock_section av-av_textblock-2de302bf1aa3cf4c9157dbe6f50ac7eb'  itemscope=\"itemscope\" itemtype=\"https:\/\/schema.org\/CreativeWork\" ><div class='avia_textblock'  itemprop=\"text\" ><p style=\"text-align: center;\">L\u2019Etude REAL AVOCATS, fond\u00e9e par Ma\u00eetre Maria Ana REAL GERALDO DIAS, Managing Partner, est actuellement compos\u00e9e de jeunes et dynamiques avocats associates sp\u00e9cialis\u00e9s en toutes les mati\u00e8res relatives au contentieux<\/p>\n<\/div><\/section><\/p><\/div>\n\n<style type=\"text\/css\" data-created_by=\"avia_inline_auto\" id=\"style-css-av-av_one_fifth-2a64de42b738552fe666ca889af77e28\">\n.flex_column.av-av_one_fifth-2a64de42b738552fe666ca889af77e28{\nborder-radius:0px 0px 0px 0px;\n-webkit-border-radius:0px 0px 0px 0px;\n-moz-border-radius:0px 0px 0px 0px;\n}\n<\/style>\n<div class='flex_column av-av_one_fifth-2a64de42b738552fe666ca889af77e28 av_one_fifth  avia-builder-el-5  el_after_av_three_fifth  el_before_av_one_third  flex_column_div av-zero-column-padding '   ><\/div>\n\n<style type=\"text\/css\" data-created_by=\"avia_inline_auto\" id=\"style-css-av-av_one_third-15d750bd1b332b34c6e70b077ebbccdf\">\n.flex_column.av-av_one_third-15d750bd1b332b34c6e70b077ebbccdf{\nborder-radius:0px 0px 0px 0px;\n-webkit-border-radius:0px 0px 0px 0px;\n-moz-border-radius:0px 0px 0px 0px;\n}\n<\/style>\n<div class='flex_column av-av_one_third-15d750bd1b332b34c6e70b077ebbccdf av_one_third  avia-builder-el-6  el_after_av_one_fifth  el_before_av_one_third  first flex_column_div av-zero-column-padding column-top-margin'   ><\/div>\n\n<style type=\"text\/css\" data-created_by=\"avia_inline_auto\" id=\"style-css-av-av_one_third-2a64de42b738552fe666ca889af77e28\">\n.flex_column.av-av_one_third-2a64de42b738552fe666ca889af77e28{\nborder-radius:0px 0px 0px 0px;\n-webkit-border-radius:0px 0px 0px 0px;\n-moz-border-radius:0px 0px 0px 0px;\n}\n<\/style>\n<div class='flex_column av-av_one_third-2a64de42b738552fe666ca889af77e28 av_one_third  avia-builder-el-7  el_after_av_one_third  el_before_av_one_third  flex_column_div av-zero-column-padding column-top-margin'   ><p>\n<style type=\"text\/css\" data-created_by=\"avia_inline_auto\" id=\"style-css-av-av_image-d3c73d638e4911bc7365f7ffe644fde3\">\n.avia-image-container.av-av_image-d3c73d638e4911bc7365f7ffe644fde3 .av-image-caption-overlay-center{\ncolor:#ffffff;\n}\n<\/style>\n<div  class='avia-image-container av-av_image-d3c73d638e4911bc7365f7ffe644fde3 av-styling- av-hover-grow avia-align-center  avia-builder-el-8  el_before_av_heading  avia-builder-el-first '  itemprop=\"image\" itemscope=\"itemscope\" itemtype=\"https:\/\/schema.org\/ImageObject\" ><div class=\"avia-image-container-inner\"><div class=\"avia-image-overlay-wrap\"><a href=\"https:\/\/realavocat.com\/fr\/equipe\/mreal-fr\/\" class='avia_image' ><img decoding=\"async\" width=\"800\" height=\"985\" class='wp-image-1004 avia-img-lazy-loading-not-1004 avia_image' src=\"https:\/\/realavocat.com\/wp-content\/uploads\/2017\/10\/mreal.jpg\" alt='' title=''  itemprop=\"thumbnailUrl\" srcset=\"https:\/\/realavocat.com\/wp-content\/uploads\/2017\/10\/mreal.jpg 800w, https:\/\/realavocat.com\/wp-content\/uploads\/2017\/10\/mreal-244x300.jpg 244w, https:\/\/realavocat.com\/wp-content\/uploads\/2017\/10\/mreal-768x946.jpg 768w, https:\/\/realavocat.com\/wp-content\/uploads\/2017\/10\/mreal-573x705.jpg 573w, https:\/\/realavocat.com\/wp-content\/uploads\/2017\/10\/mreal-450x554.jpg 450w\" sizes=\"(max-width: 800px) 100vw, 800px\" \/><\/a><\/div><\/div><\/div><br \/>\n\n<style type=\"text\/css\" data-created_by=\"avia_inline_auto\" id=\"style-css-av-av_heading-0ae1f7e9166f5b84979d247b83a083c3\">\n#top .av-special-heading.av-av_heading-0ae1f7e9166f5b84979d247b83a083c3{\npadding-bottom:10px;\n}\nbody .av-special-heading.av-av_heading-0ae1f7e9166f5b84979d247b83a083c3 .av-special-heading-tag .heading-char{\nfont-size:25px;\n}\n.av-special-heading.av-av_heading-0ae1f7e9166f5b84979d247b83a083c3 .av-subheading{\nfont-size:15px;\n}\n<\/style>\n<div  class='av-special-heading av-av_heading-0ae1f7e9166f5b84979d247b83a083c3 av-special-heading-h3 blockquote modern-quote modern-centered  avia-builder-el-9  el_after_av_image  avia-builder-el-last '><h3 class='av-special-heading-tag'  itemprop=\"headline\"  >Maria Ana Real Geraldo Dias<\/h3><div class='av-subheading av-subheading_below'><p><i>Managing Partner<\/i><\/p>\n<p>Cliquez <a href=\"https:\/\/realavocat.com\/fr\/equipe\/mreal-fr\/\">ici<\/a> pour consulter le CV<\/p>\n<\/div><div class=\"special-heading-border\"><div class=\"special-heading-inner-border\"><\/div><\/div><\/div><\/p><\/div>\n\n<style type=\"text\/css\" data-created_by=\"avia_inline_auto\" id=\"style-css-av-av_one_third-c8fc129dc35fd1ae2a1e410224d39ea8\">\n.flex_column.av-av_one_third-c8fc129dc35fd1ae2a1e410224d39ea8{\nborder-radius:0px 0px 0px 0px;\n-webkit-border-radius:0px 0px 0px 0px;\n-moz-border-radius:0px 0px 0px 0px;\n}\n<\/style>\n<div class='flex_column av-av_one_third-c8fc129dc35fd1ae2a1e410224d39ea8 av_one_third  avia-builder-el-10  el_after_av_one_third  el_before_av_one_third  flex_column_div av-zero-column-padding column-top-margin'   ><\/div>\n<div class='flex_column av-av_one_third-a93934ecd89fbb8a9566d39e89cd3725 av_one_third  avia-builder-el-11  el_after_av_one_third  el_before_av_one_third  first flex_column_div column-top-margin'   ><\/div>\n\n<style type=\"text\/css\" data-created_by=\"avia_inline_auto\" id=\"style-css-av-av_one_third-c8fc129dc35fd1ae2a1e410224d39ea8\">\n.flex_column.av-av_one_third-c8fc129dc35fd1ae2a1e410224d39ea8{\nborder-radius:0px 0px 0px 0px;\n-webkit-border-radius:0px 0px 0px 0px;\n-moz-border-radius:0px 0px 0px 0px;\n}\n<\/style>\n<div class='flex_column av-av_one_third-c8fc129dc35fd1ae2a1e410224d39ea8 av_one_third  avia-builder-el-12  el_after_av_one_third  el_before_av_one_third  flex_column_div av-zero-column-padding column-top-margin'   ><p>\n<style type=\"text\/css\" data-created_by=\"avia_inline_auto\" id=\"style-css-av-av_image-3c9516c2b1821a046203dc305d26f53b\">\n.avia-image-container.av-av_image-3c9516c2b1821a046203dc305d26f53b .av-image-caption-overlay-center{\ncolor:#ffffff;\n}\n<\/style>\n<div  class='avia-image-container av-av_image-3c9516c2b1821a046203dc305d26f53b av-styling- av-hover-grow avia-align-center  avia-builder-el-13  el_before_av_heading  avia-builder-el-first '  itemprop=\"image\" itemscope=\"itemscope\" itemtype=\"https:\/\/schema.org\/ImageObject\" ><div class=\"avia-image-container-inner\"><div class=\"avia-image-overlay-wrap\"><a href=\"https:\/\/realavocat.com\/fr\/equipe\/maximilien-krzyszton\/\" class='avia_image' ><img decoding=\"async\" width=\"247\" height=\"300\" class='wp-image-1093 avia-img-lazy-loading-not-1093 avia_image' src=\"https:\/\/realavocat.com\/wp-content\/uploads\/2021\/10\/Max_02-247x300.jpg\" alt='' title='Max_02'  itemprop=\"thumbnailUrl\" srcset=\"https:\/\/realavocat.com\/wp-content\/uploads\/2021\/10\/Max_02-247x300.jpg 247w, https:\/\/realavocat.com\/wp-content\/uploads\/2021\/10\/Max_02-768x934.jpg 768w, https:\/\/realavocat.com\/wp-content\/uploads\/2021\/10\/Max_02-580x705.jpg 580w, https:\/\/realavocat.com\/wp-content\/uploads\/2021\/10\/Max_02-450x547.jpg 450w, https:\/\/realavocat.com\/wp-content\/uploads\/2021\/10\/Max_02.jpg 832w\" sizes=\"(max-width: 247px) 100vw, 247px\" \/><\/a><\/div><\/div><\/div><br \/>\n\n<style type=\"text\/css\" data-created_by=\"avia_inline_auto\" id=\"style-css-av-av_heading-69ebd0763d37e10dd17159a09dba42fc\">\n#top .av-special-heading.av-av_heading-69ebd0763d37e10dd17159a09dba42fc{\npadding-bottom:10px;\n}\nbody .av-special-heading.av-av_heading-69ebd0763d37e10dd17159a09dba42fc .av-special-heading-tag .heading-char{\nfont-size:25px;\n}\n.av-special-heading.av-av_heading-69ebd0763d37e10dd17159a09dba42fc .av-subheading{\nfont-size:15px;\n}\n<\/style>\n<div  class='av-special-heading av-av_heading-69ebd0763d37e10dd17159a09dba42fc av-special-heading-h3 blockquote modern-quote modern-centered  avia-builder-el-14  el_after_av_image  avia-builder-el-last '><h3 class='av-special-heading-tag'  itemprop=\"headline\"  >Maximilien Krzyszton<\/h3><div class='av-subheading av-subheading_below'><p><i>Partner<\/i><\/p>\n<p>Cliquez <a href=\"https:\/\/realavocat.com\/fr\/equipe\/maximilien-krzyszton\/\">ici<\/a> pour consulter le CV<\/p>\n<\/div><div class=\"special-heading-border\"><div class=\"special-heading-inner-border\"><\/div><\/div><\/div><\/p><\/div>\n<div class='flex_column av-av_one_third-d06667205e6186ec8414c6eb7605d406 av_one_third  avia-builder-el-15  el_after_av_one_third  el_before_av_one_full  flex_column_div column-top-margin'   ><\/div>\n\n<style type=\"text\/css\" data-created_by=\"avia_inline_auto\" id=\"style-css-av-av_one_full-15d750bd1b332b34c6e70b077ebbccdf\">\n.flex_column.av-av_one_full-15d750bd1b332b34c6e70b077ebbccdf{\nborder-radius:0px 0px 0px 0px;\n-webkit-border-radius:0px 0px 0px 0px;\n-moz-border-radius:0px 0px 0px 0px;\n}\n<\/style>\n<div class='flex_column av-av_one_full-15d750bd1b332b34c6e70b077ebbccdf av_one_full  avia-builder-el-16  el_after_av_one_third  avia-builder-el-last  first flex_column_div av-zero-column-padding column-top-margin'   ><style type=\"text\/css\" data-created_by=\"avia_inline_auto\" id=\"style-css-av-av_hr-4474f20d2389e2e5ecf918a02da5132e\">\n#top .hr.hr-invisible.av-av_hr-4474f20d2389e2e5ecf918a02da5132e{\nheight:50px;\n}\n<\/style>\n<div  class='hr av-av_hr-4474f20d2389e2e5ecf918a02da5132e hr-invisible  avia-builder-el-17  avia-builder-el-no-sibling '><span class='hr-inner '><span class=\"hr-inner-style\"><\/span><\/span><\/div><\/div>\n","protected":false},"excerpt":{"rendered":"","protected":false},"author":3,"featured_media":0,"parent":0,"menu_order":0,"comment_status":"closed","ping_status":"closed","template":"","meta":{"footnotes":""},"class_list":["post-407","page","type-page","status-publish","hentry"],"_links":{"self":[{"href":"https:\/\/realavocat.com\/fr\/wp-json\/wp\/v2\/pages\/407","targetHints":{"allow":["GET"]}}],"collection":[{"href":"https:\/\/realavocat.com\/fr\/wp-json\/wp\/v2\/pages"}],"about":[{"href":"https:\/\/realavocat.com\/fr\/wp-json\/wp\/v2\/types\/page"}],"author":[{"embeddable":true,"href":"https:\/\/realavocat.com\/fr\/wp-json\/wp\/v2\/users\/3"}],"replies":[{"embeddable":true,"href":"https:\/\/realavocat.com\/fr\/wp-json\/wp\/v2\/comments?post=407"}],"version-history":[{"count":27,"href":"https:\/\/realavocat.com\/fr\/wp-json\/wp\/v2\/pages\/407\/revisions"}],"predecessor-version":[{"id":1225,"href":"https:\/\/realavocat.com\/fr\/wp-json\/wp\/v2\/pages\/407\/revisions\/1225"}],"wp:attachment":[{"href":"https:\/\/realavocat.com\/fr\/wp-json\/wp\/v2\/media?parent=407"}],"curies":[{"name":"wp","href":"https:\/\/api.w.org\/{rel}","templated":true}]}}