{"id":284,"date":"2015-10-29T00:38:55","date_gmt":"2015-10-29T00:38:55","guid":{"rendered":"https:\/\/realavocat.com\/fr\/?page_id=284"},"modified":"2023-07-21T03:45:02","modified_gmt":"2023-07-21T03:45:02","slug":"contact-fr","status":"publish","type":"page","link":"https:\/\/realavocat.com\/fr\/contact-fr\/","title":{"rendered":"CONTACT fr"},"content":{"rendered":"<div id='full_slider_1'  class='avia-fullwidth-slider main_color avia-shadow   avia-builder-el-0  el_before_av_one_fifth  avia-builder-el-first   container_wrap fullsize'  ><div   data-size='no scaling'  data-lightbox_size='large'  data-animation='fade'  data-conditional_play=''  data-ids='333,180'  data-video_counter='0'  data-autoplay='true'  data-bg_slider='false'  data-slide_height=''  data-handle='av_slideshow_full'  data-interval='5'  data-class=' image_no_stretch'  data-el_id=''  data-css_id=''  data-scroll_down=''  data-control_layout='av-control-hidden'  data-custom_markup=''  data-perma_caption=''  data-autoplay_stopper=''  data-image_attachment=''  data-min_height='0px'  data-lazy_loading='disabled'  data-src=''  data-position='top left'  data-repeat='no-repeat'  data-attach='scroll'  data-stretch='image_no_stretch'  data-img_scrset=''  class='avia-slideshow avia-slideshow-1  av-control-hidden av-default-height-applied avia-slideshow-no scaling av_slideshow_full  image_no_stretch avia-fade-slider '  itemprop=\"image\" itemscope=\"itemscope\" itemtype=\"https:\/\/schema.org\/ImageObject\" ><ul class='avia-slideshow-inner ' style='padding-bottom: 11.40625%;' ><li  class=' slide-1 ' ><div data-rel='slideshow-1' class='avia-slide-wrap '   ><img decoding=\"async\" class=\"wp-image-333 avia-img-lazy-loading-not-333\"  src=\"https:\/\/realavocat.com\/wp-content\/uploads\/2015\/07\/zw.jpg\" width=\"1920\" height=\"219\" title='zw' alt=''  itemprop=\"thumbnailUrl\" srcset=\"https:\/\/realavocat.com\/wp-content\/uploads\/2015\/07\/zw.jpg 1920w, https:\/\/realavocat.com\/wp-content\/uploads\/2015\/07\/zw-300x34.jpg 300w, https:\/\/realavocat.com\/wp-content\/uploads\/2015\/07\/zw-768x88.jpg 768w, https:\/\/realavocat.com\/wp-content\/uploads\/2015\/07\/zw-1030x117.jpg 1030w, https:\/\/realavocat.com\/wp-content\/uploads\/2015\/07\/zw-1500x171.jpg 1500w, https:\/\/realavocat.com\/wp-content\/uploads\/2015\/07\/zw-705x80.jpg 705w, https:\/\/realavocat.com\/wp-content\/uploads\/2015\/07\/zw-450x51.jpg 450w\" sizes=\"(max-width: 1920px) 100vw, 1920px\" \/><\/div><\/li><li  class=' slide-2 ' ><div data-rel='slideshow-1' class='avia-slide-wrap '   ><img decoding=\"async\" class=\"wp-image-180 avia-img-lazy-loading-not-180\"  src=\"https:\/\/realavocat.com\/wp-content\/uploads\/2015\/07\/cont2.jpg\" width=\"1920\" height=\"219\" title='cont2' alt=''  itemprop=\"thumbnailUrl\" srcset=\"https:\/\/realavocat.com\/wp-content\/uploads\/2015\/07\/cont2.jpg 1920w, https:\/\/realavocat.com\/wp-content\/uploads\/2015\/07\/cont2-300x34.jpg 300w, https:\/\/realavocat.com\/wp-content\/uploads\/2015\/07\/cont2-1030x117.jpg 1030w, https:\/\/realavocat.com\/wp-content\/uploads\/2015\/07\/cont2-1500x171.jpg 1500w, https:\/\/realavocat.com\/wp-content\/uploads\/2015\/07\/cont2-705x80.jpg 705w, https:\/\/realavocat.com\/wp-content\/uploads\/2015\/07\/cont2-450x51.jpg 450w\" sizes=\"(max-width: 1920px) 100vw, 1920px\" \/><\/div><\/li><\/ul><div class='avia-slideshow-arrows avia-slideshow-controls' ><a href='#prev' class='prev-slide ' aria-hidden='true' data-av_icon='\ue87c' data-av_iconfont='entypo-fontello'  tabindex='-1'>Pr\u00e9c\u00e9dent<\/a><a href='#next' class='next-slide ' aria-hidden='true' data-av_icon='\ue87d' data-av_iconfont='entypo-fontello'  tabindex='-1'>Suivant<\/a><\/div><div class='avia-slideshow-dots avia-slideshow-controls'><a href='#1' class='goto-slide active' >1<\/a><a href='#2' class='goto-slide ' >2<\/a><\/div><\/div><\/div><div id='after_full_slider_1'  class='main_color av_default_container_wrap container_wrap fullsize'  ><div class='container av-section-cont-open' ><div class='template-page content  av-content-full alpha units'><div class='post-entry post-entry-type-page post-entry-284'><div class='entry-content-wrapper clearfix'>\n\n<style type=\"text\/css\" data-created_by=\"avia_inline_auto\" id=\"style-css-av-1sutgk-84a3176e86c54057c718ac4a1c5eecca\">\n.flex_column.av-1sutgk-84a3176e86c54057c718ac4a1c5eecca{\nborder-radius:0px 0px 0px 0px;\n-webkit-border-radius:0px 0px 0px 0px;\n-moz-border-radius:0px 0px 0px 0px;\n}\n<\/style>\n<div class='flex_column av-1sutgk-84a3176e86c54057c718ac4a1c5eecca av_one_fifth  avia-builder-el-1  el_after_av_slideshow_full  el_before_av_three_fifth  avia-builder-el-first  first flex_column_div av-zero-column-padding '   ><\/div>\n\n<style type=\"text\/css\" data-created_by=\"avia_inline_auto\" id=\"style-css-av-1komes-63a77d0a5aa514a571fac9c36b9dffc9\">\n.flex_column.av-1komes-63a77d0a5aa514a571fac9c36b9dffc9{\nborder-radius:0px 0px 0px 0px;\n-webkit-border-radius:0px 0px 0px 0px;\n-moz-border-radius:0px 0px 0px 0px;\n}\n<\/style>\n<div class='flex_column av-1komes-63a77d0a5aa514a571fac9c36b9dffc9 av_three_fifth  avia-builder-el-2  el_after_av_one_fifth  el_before_av_one_fifth  flex_column_div av-zero-column-padding '   ><p>\n<style type=\"text\/css\" data-created_by=\"avia_inline_auto\" id=\"style-css-av-1fg124-92269e952edcd748c2acf479b56465cf\">\n#top .av-special-heading.av-1fg124-92269e952edcd748c2acf479b56465cf{\npadding-bottom:10px;\nfont-size:30px;\n}\nbody .av-special-heading.av-1fg124-92269e952edcd748c2acf479b56465cf .av-special-heading-tag .heading-char{\nfont-size:25px;\n}\n#top #wrap_all .av-special-heading.av-1fg124-92269e952edcd748c2acf479b56465cf .av-special-heading-tag{\nfont-size:30px;\n}\n.av-special-heading.av-1fg124-92269e952edcd748c2acf479b56465cf .av-subheading{\nfont-size:15px;\n}\n<\/style>\n<div  class='av-special-heading av-1fg124-92269e952edcd748c2acf479b56465cf av-special-heading-h1 blockquote modern-quote modern-centered  avia-builder-el-3  el_before_av_hr  avia-builder-el-first  av-inherit-size'><h1 class='av-special-heading-tag'  itemprop=\"headline\"  >CONTACT<\/h1><div class=\"special-heading-border\"><div class=\"special-heading-inner-border\"><\/div><\/div><\/div><br \/>\n\n<style type=\"text\/css\" data-created_by=\"avia_inline_auto\" id=\"style-css-av-196bac-8694224186c0d160d85e936cdd5d7c8f\">\n#top .hr.hr-invisible.av-196bac-8694224186c0d160d85e936cdd5d7c8f{\nheight:10px;\n}\n<\/style>\n<div  class='hr av-196bac-8694224186c0d160d85e936cdd5d7c8f hr-invisible  avia-builder-el-4  el_after_av_heading  avia-builder-el-last '><span class='hr-inner '><span class=\"hr-inner-style\"><\/span><\/span><\/div><\/p><\/div>\n\n<style type=\"text\/css\" data-created_by=\"avia_inline_auto\" id=\"style-css-av-10zn9g-fa8d61112afa3363c75efe92b801061d\">\n.flex_column.av-10zn9g-fa8d61112afa3363c75efe92b801061d{\nborder-radius:0px 0px 0px 0px;\n-webkit-border-radius:0px 0px 0px 0px;\n-moz-border-radius:0px 0px 0px 0px;\n}\n<\/style>\n<div class='flex_column av-10zn9g-fa8d61112afa3363c75efe92b801061d av_one_fifth  avia-builder-el-5  el_after_av_three_fifth  el_before_av_one_half  flex_column_div av-zero-column-padding '   ><\/div>\n\n<style type=\"text\/css\" data-created_by=\"avia_inline_auto\" id=\"style-css-av-3he3w-b1e7f7d5bc3cac64029b08c672765f52\">\n.flex_column.av-3he3w-b1e7f7d5bc3cac64029b08c672765f52{\nborder-radius:0px 0px 0px 0px;\n-webkit-border-radius:0px 0px 0px 0px;\n-moz-border-radius:0px 0px 0px 0px;\n}\n<\/style>\n<div class='flex_column av-3he3w-b1e7f7d5bc3cac64029b08c672765f52 av_one_half  avia-builder-el-6  el_after_av_one_fifth  el_before_av_one_half  first flex_column_div av-zero-column-padding column-top-margin'   ><p><section  class='av_textblock_section av-l1t8mqkx-ce0a076fdfb512d521024c03c486f996'  itemscope=\"itemscope\" itemtype=\"https:\/\/schema.org\/CreativeWork\" ><div class='avia_textblock'  itemprop=\"text\" ><p><strong>Maria Ana Real Geraldo Dias<\/strong><\/p>\n<p><span class=\"_5yl5\"><span dir=\"ltr\">151 Avenue de la Fa\u00efencerie,\u00a0<\/span><\/span><span class=\"_5yl5\">L-1511 Luxembourg- Limpersberg<\/span><\/p>\n<p><span class=\"_5yl5\" data-reactid=\".2c.$mid=11434993787970=26f6801b4d6a6714359.2:0.0.0.0.0\"><span data-reactid=\".2c.$mid=11434993787970=26f6801b4d6a6714359.2:0.0.0.0.0.0\"><strong>T<\/strong>\u00a0 (+352) 27 76 90 80<br \/>\n<strong>F<\/strong>\u00a0 (+352) 27 93 13 18<br \/>\n<strong>E<\/strong> <a href=\"mailto:mreal@realavocat.com\">mreal@realavocat.com<\/a><\/span><\/span><\/p>\n<\/div><\/section><br \/>\n<div  class='hr av-rixtw-3f2258fedfdc9913600d3bc6271a30fc hr-default  avia-builder-el-8  el_after_av_textblock  avia-builder-el-last '><span class='hr-inner '><span class=\"hr-inner-style\"><\/span><\/span><\/div><\/p><\/div>\n<style type=\"text\/css\" data-created_by=\"avia_inline_auto\" id=\"style-css-av-jeb3w-d087fd36de0ee63c0c4c0f1ad5c48281\">\n.flex_column.av-jeb3w-d087fd36de0ee63c0c4c0f1ad5c48281{\nborder-radius:0px 0px 0px 0px;\n-webkit-border-radius:0px 0px 0px 0px;\n-moz-border-radius:0px 0px 0px 0px;\n}\n<\/style>\n<div class='flex_column av-jeb3w-d087fd36de0ee63c0c4c0f1ad5c48281 av_one_half  avia-builder-el-9  el_after_av_one_half  avia-builder-el-last  flex_column_div av-zero-column-padding column-top-margin'   ><div  class='av_gmaps_sc_main_wrap av_gmaps_main_wrap '><div id='av_gmap_0' class='avia-google-map-container avia-google-map-sc av_gmaps_show_unconditionally av-no-fallback-img ' data-mapid='av_gmap_0'  style='height: 308px;'><a class=\"av_gmaps_browser_disabled av_text_confirm_link av_text_confirm_link_visible\" href=\"https:\/\/www.google.com\/maps\/search\/?api=1&#038;query=151%20Avenue%20de%20la%20Fa\u00efencerie%20%20%201511%20Luxembourg\" target=\"_blank\" rel=\"noopener\">Les cartes ont \u00e9t\u00e9 d\u00e9sactiv\u00e9es par le visiteur sur ce site. Cliquer pour ouvrir la carte dans une nouvelle fen\u00eatre.<\/a><\/div><\/div><\/div><\/p>\n","protected":false},"excerpt":{"rendered":"","protected":false},"author":3,"featured_media":0,"parent":0,"menu_order":0,"comment_status":"open","ping_status":"closed","template":"","meta":{"footnotes":""},"class_list":["post-284","page","type-page","status-publish","hentry"],"_links":{"self":[{"href":"https:\/\/realavocat.com\/fr\/wp-json\/wp\/v2\/pages\/284","targetHints":{"allow":["GET"]}}],"collection":[{"href":"https:\/\/realavocat.com\/fr\/wp-json\/wp\/v2\/pages"}],"about":[{"href":"https:\/\/realavocat.com\/fr\/wp-json\/wp\/v2\/types\/page"}],"author":[{"embeddable":true,"href":"https:\/\/realavocat.com\/fr\/wp-json\/wp\/v2\/users\/3"}],"replies":[{"embeddable":true,"href":"https:\/\/realavocat.com\/fr\/wp-json\/wp\/v2\/comments?post=284"}],"version-history":[{"count":13,"href":"https:\/\/realavocat.com\/fr\/wp-json\/wp\/v2\/pages\/284\/revisions"}],"predecessor-version":[{"id":1226,"href":"https:\/\/realavocat.com\/fr\/wp-json\/wp\/v2\/pages\/284\/revisions\/1226"}],"wp:attachment":[{"href":"https:\/\/realavocat.com\/fr\/wp-json\/wp\/v2\/media?parent=284"}],"curies":[{"name":"wp","href":"https:\/\/api.w.org\/{rel}","templated":true}]}}