{"id":267,"date":"2015-10-29T00:20:08","date_gmt":"2015-10-29T00:20:08","guid":{"rendered":"https:\/\/realavocat.com\/fr\/?page_id=267"},"modified":"2022-07-25T17:57:29","modified_gmt":"2022-07-25T17:57:29","slug":"domaines-dactivites","status":"publish","type":"page","link":"https:\/\/realavocat.com\/fr\/domaines-dactivites\/","title":{"rendered":"DOMAINES D&rsquo;ACTIVIT\u00c9S"},"content":{"rendered":"<div id='full_slider_1'  class='avia-fullwidth-slider main_color avia-shadow   avia-builder-el-0  el_before_av_one_fourth  avia-builder-el-first   container_wrap fullsize'  ><div   data-size='no scaling'  data-lightbox_size='large'  data-animation='fade'  data-conditional_play=''  data-ids='176,195'  data-video_counter='0'  data-autoplay='true'  data-bg_slider='false'  data-slide_height=''  data-handle='av_slideshow_full'  data-interval='5'  data-class=' image_no_stretch'  data-el_id=''  data-css_id=''  data-scroll_down=''  data-control_layout='av-control-hidden'  data-custom_markup=''  data-perma_caption=''  data-autoplay_stopper=''  data-image_attachment=''  data-min_height='0px'  data-lazy_loading='disabled'  data-src=''  data-position='top left'  data-repeat='no-repeat'  data-attach='scroll'  data-stretch='image_no_stretch'  data-img_scrset=''  class='avia-slideshow avia-slideshow-1  av-control-hidden av-default-height-applied avia-slideshow-no scaling av_slideshow_full  image_no_stretch avia-fade-slider '  itemprop=\"image\" itemscope=\"itemscope\" itemtype=\"https:\/\/schema.org\/ImageObject\" ><ul class='avia-slideshow-inner ' style='padding-bottom: 11.40625%;' ><li  class=' slide-1 ' ><div data-rel='slideshow-1' class='avia-slide-wrap '   ><img decoding=\"async\" class=\"wp-image-176 avia-img-lazy-loading-not-176\"  src=\"https:\/\/realavocat.com\/wp-content\/uploads\/2015\/07\/exp.jpg\" width=\"1920\" height=\"219\" title='exp' alt=''  itemprop=\"thumbnailUrl\" srcset=\"https:\/\/realavocat.com\/wp-content\/uploads\/2015\/07\/exp.jpg 1920w, https:\/\/realavocat.com\/wp-content\/uploads\/2015\/07\/exp-300x34.jpg 300w, https:\/\/realavocat.com\/wp-content\/uploads\/2015\/07\/exp-1030x117.jpg 1030w, https:\/\/realavocat.com\/wp-content\/uploads\/2015\/07\/exp-1500x171.jpg 1500w, https:\/\/realavocat.com\/wp-content\/uploads\/2015\/07\/exp-705x80.jpg 705w, https:\/\/realavocat.com\/wp-content\/uploads\/2015\/07\/exp-450x51.jpg 450w\" sizes=\"(max-width: 1920px) 100vw, 1920px\" \/><\/div><\/li><li  class=' slide-2 ' ><div data-rel='slideshow-1' class='avia-slide-wrap '   ><img decoding=\"async\" class=\"wp-image-195 avia-img-lazy-loading-not-195\"  src=\"https:\/\/realavocat.com\/wp-content\/uploads\/2015\/07\/expe1.jpg\" width=\"1920\" height=\"219\" title='expe1' alt=''  itemprop=\"thumbnailUrl\" srcset=\"https:\/\/realavocat.com\/wp-content\/uploads\/2015\/07\/expe1.jpg 1920w, https:\/\/realavocat.com\/wp-content\/uploads\/2015\/07\/expe1-300x34.jpg 300w, https:\/\/realavocat.com\/wp-content\/uploads\/2015\/07\/expe1-1030x117.jpg 1030w, https:\/\/realavocat.com\/wp-content\/uploads\/2015\/07\/expe1-1500x171.jpg 1500w, https:\/\/realavocat.com\/wp-content\/uploads\/2015\/07\/expe1-705x80.jpg 705w, https:\/\/realavocat.com\/wp-content\/uploads\/2015\/07\/expe1-450x51.jpg 450w\" sizes=\"(max-width: 1920px) 100vw, 1920px\" \/><\/div><\/li><\/ul><div class='avia-slideshow-arrows avia-slideshow-controls' ><a href='#prev' class='prev-slide ' aria-hidden='true' data-av_icon='\ue87c' data-av_iconfont='entypo-fontello'  tabindex='-1'>Pr\u00e9c\u00e9dent<\/a><a href='#next' class='next-slide ' aria-hidden='true' data-av_icon='\ue87d' data-av_iconfont='entypo-fontello'  tabindex='-1'>Suivant<\/a><\/div><div class='avia-slideshow-dots avia-slideshow-controls'><a href='#1' class='goto-slide active' >1<\/a><a href='#2' class='goto-slide ' >2<\/a><\/div><\/div><\/div><div id='after_full_slider_1'  class='main_color av_default_container_wrap container_wrap fullsize'  ><div class='container av-section-cont-open' ><div class='template-page content  av-content-full alpha units'><div class='post-entry post-entry-type-page post-entry-267'><div class='entry-content-wrapper clearfix'>\n\n<style type=\"text\/css\" data-created_by=\"avia_inline_auto\" id=\"style-css-av-1ffpgz-a4a9bce56983437b0439e3cbd4ae16d3\">\n.flex_column.av-1ffpgz-a4a9bce56983437b0439e3cbd4ae16d3{\nborder-radius:0px 0px 0px 0px;\n-webkit-border-radius:0px 0px 0px 0px;\n-moz-border-radius:0px 0px 0px 0px;\n}\n<\/style>\n<div class='flex_column av-1ffpgz-a4a9bce56983437b0439e3cbd4ae16d3 av_one_fourth  avia-builder-el-1  el_after_av_slideshow_full  el_before_av_one_half  avia-builder-el-first  first flex_column_div av-zero-column-padding '   ><\/div>\n\n<style type=\"text\/css\" data-created_by=\"avia_inline_auto\" id=\"style-css-av-18vhm3-235bca8fa75ea54392a8260fbd60893f\">\n.flex_column.av-18vhm3-235bca8fa75ea54392a8260fbd60893f{\nborder-radius:0px 0px 0px 0px;\n-webkit-border-radius:0px 0px 0px 0px;\n-moz-border-radius:0px 0px 0px 0px;\n}\n<\/style>\n<div class='flex_column av-18vhm3-235bca8fa75ea54392a8260fbd60893f av_one_half  avia-builder-el-2  el_after_av_one_fourth  el_before_av_one_fourth  flex_column_div av-zero-column-padding '   ><p>\n<style type=\"text\/css\" data-created_by=\"avia_inline_auto\" id=\"style-css-av-14auwz-b9a5607bbe6b69ee53b5a1ecab97f906\">\n#top .av-special-heading.av-14auwz-b9a5607bbe6b69ee53b5a1ecab97f906{\npadding-bottom:10px;\nfont-size:30px;\n}\nbody .av-special-heading.av-14auwz-b9a5607bbe6b69ee53b5a1ecab97f906 .av-special-heading-tag .heading-char{\nfont-size:25px;\n}\n#top #wrap_all .av-special-heading.av-14auwz-b9a5607bbe6b69ee53b5a1ecab97f906 .av-special-heading-tag{\nfont-size:30px;\n}\n.av-special-heading.av-14auwz-b9a5607bbe6b69ee53b5a1ecab97f906 .av-subheading{\nfont-size:15px;\n}\n<\/style>\n<div  class='av-special-heading av-14auwz-b9a5607bbe6b69ee53b5a1ecab97f906 av-special-heading-h1 blockquote modern-quote modern-centered  avia-builder-el-3  el_before_av_hr  avia-builder-el-first  av-inherit-size'><h1 class='av-special-heading-tag'  itemprop=\"headline\"  >DOMAINES D\u2019ACTIVIT\u00c9S<\/h1><div class=\"special-heading-border\"><div class=\"special-heading-inner-border\"><\/div><\/div><\/div><br \/>\n\n<style type=\"text\/css\" data-created_by=\"avia_inline_auto\" id=\"style-css-av-xqg43-672474da6ace1a7fbf34b27e79a4bb08\">\n#top .hr.hr-invisible.av-xqg43-672474da6ace1a7fbf34b27e79a4bb08{\nheight:10px;\n}\n<\/style>\n<div  class='hr av-xqg43-672474da6ace1a7fbf34b27e79a4bb08 hr-invisible  avia-builder-el-4  el_after_av_heading  avia-builder-el-last '><span class='hr-inner '><span class=\"hr-inner-style\"><\/span><\/span><\/div><\/p><\/div>\n\n<style type=\"text\/css\" data-created_by=\"avia_inline_auto\" id=\"style-css-av-rkjor-1a0ab3438041ea16920be7fb9ae021da\">\n.flex_column.av-rkjor-1a0ab3438041ea16920be7fb9ae021da{\nborder-radius:0px 0px 0px 0px;\n-webkit-border-radius:0px 0px 0px 0px;\n-moz-border-radius:0px 0px 0px 0px;\n}\n<\/style>\n<div class='flex_column av-rkjor-1a0ab3438041ea16920be7fb9ae021da av_one_fourth  avia-builder-el-5  el_after_av_one_half  el_before_av_one_fourth  flex_column_div av-zero-column-padding '   ><\/div>\n\n<style type=\"text\/css\" data-created_by=\"avia_inline_auto\" id=\"style-css-av-m9vhn-67d75c26ac83ba2490fab70d19c440a8\">\n.flex_column.av-m9vhn-67d75c26ac83ba2490fab70d19c440a8{\nborder-radius:0px 0px 0px 0px;\n-webkit-border-radius:0px 0px 0px 0px;\n-moz-border-radius:0px 0px 0px 0px;\n}\n<\/style>\n<div class='flex_column av-m9vhn-67d75c26ac83ba2490fab70d19c440a8 av_one_fourth  avia-builder-el-6  el_after_av_one_fourth  el_before_av_one_half  first flex_column_div av-zero-column-padding column-top-margin'   ><\/div>\n\n<style type=\"text\/css\" data-created_by=\"avia_inline_auto\" id=\"style-css-av-ctokr-bcd3b52199ba772f1eef76f25027376d\">\n.flex_column.av-ctokr-bcd3b52199ba772f1eef76f25027376d{\nborder-radius:0px 0px 0px 0px;\n-webkit-border-radius:0px 0px 0px 0px;\n-moz-border-radius:0px 0px 0px 0px;\n}\n<\/style>\n<div class='flex_column av-ctokr-bcd3b52199ba772f1eef76f25027376d av_one_half  avia-builder-el-7  el_after_av_one_fourth  el_before_av_one_fourth  flex_column_div av-zero-column-padding column-top-margin'   ><section  class='av_textblock_section av-l5xtqvm7-f70fce72963b826c927dbc12b086a04c'  itemscope=\"itemscope\" itemtype=\"https:\/\/schema.org\/CreativeWork\" ><div class='avia_textblock'  itemprop=\"text\" ><p style=\"text-align: left;\"><strong>Contentieux<\/strong><\/p>\n<ul style=\"text-align: left;\">\n<li>Civil<\/li>\n<li>Commercial<\/li>\n<li>Construction &amp; droit immobilier<\/li>\n<li>Droit du travail et droit de la s\u00e9curit\u00e9 sociale<\/li>\n<li>Droit fiscal<\/li>\n<li>Curateur de faillite<\/li>\n<\/ul>\n<p style=\"text-align: left;\"><strong>Droit de la famille<\/strong><\/p>\n<ul style=\"text-align: left;\">\n<li>Divorce<\/li>\n<li>Autorit\u00e9 parentale<\/li>\n<li>Filiation<\/li>\n<li>Adoption<\/li>\n<li>Garde, droit de visite et d\u2019h\u00e9bergement des enfants<\/li>\n<li>Successions<\/li>\n<li>Droit des enfants<\/li>\n<\/ul>\n<p style=\"text-align: left;\"><strong>Droit civil<\/strong><\/p>\n<ul style=\"text-align: left;\">\n<li>Droit des obligations<\/li>\n<li>Responsabilit\u00e9 civile<\/li>\n<li>Droit des contrats<\/li>\n<\/ul>\n<p style=\"text-align: left;\"><strong>Droit immobilier<\/strong><\/p>\n<ul style=\"text-align: left;\">\n<li>Bail \u00e0 loyer et bail commercial<\/li>\n<li>Probl\u00e8mes de voisinage<\/li>\n<li>Droit de propri\u00e9t\u00e9<\/li>\n<li>Copropri\u00e9t\u00e9<\/li>\n<li>Construction<\/li>\n<li>N\u00e9gociation de contrats \u00e0 caract\u00e8re immobilier<\/li>\n<\/ul>\n<p style=\"text-align: left;\"><strong>Droit P\u00e9nal<\/strong><\/p>\n<ul style=\"text-align: left;\">\n<li>Accidents de la circulation<\/li>\n<li>Atteintes \u00e0 la propri\u00e9t\u00e9<\/li>\n<li>Atteintes aux personnes<\/li>\n<\/ul>\n<p style=\"text-align: left;\"><strong>Droit du travail<\/strong><\/p>\n<ul style=\"text-align: left;\">\n<li>Contrats de travail<\/li>\n<li>Licenciements<\/li>\n<li>N\u00e9gociations extra-judiciaires<\/li>\n<li>Discrimination et harc\u00e8lement<\/li>\n<\/ul>\n<p style=\"text-align: left;\"><strong>Droit commercial<\/strong><\/p>\n<ul style=\"text-align: left;\">\n<li>Autorisations commerciales<\/li>\n<li>Contrats commerciaux<\/li>\n<\/ul>\n<p style=\"text-align: left;\"><strong>Droit des affaires<\/strong><\/p>\n<ul style=\"text-align: left;\">\n<li>Cr\u00e9ation de structures luxembourgeoises<\/li>\n<li>Conseil en cr\u00e9ation d\u2019entreprises et dans l\u2019\u00e9laboration de structures de soci\u00e9t\u00e9s<\/li>\n<li>Implantation l\u00e9gale de structures de soci\u00e9t\u00e9s au Luxembourg<br \/>\n(cr\u00e9ation de soci\u00e9t\u00e9s, \u00e9tablissement de filiales et de succursales)<\/li>\n<\/ul>\n<p style=\"text-align: left;\"><strong>Droit de l\u2019immigration<\/strong><\/p>\n<ul style=\"text-align: left;\">\n<li>Mobilit\u00e9 internationale<\/li>\n<li>D\u00e9localisation<\/li>\n<li>Permis de travail et visa au Luxembourg<\/li>\n<\/ul>\n<p style=\"text-align: left;\"><strong>Portugal Desk<\/strong><\/p>\n<ul>\n<li style=\"text-align: left;\">Investissement et \u00e9tablissement de projets en droit immobilier au Portugal<\/li>\n<\/ul>\n<\/div><\/section><\/div>\n<style type=\"text\/css\" data-created_by=\"avia_inline_auto\" id=\"style-css-av-7x08j-faa904c8a417e51c5ae57c657c7bb99a\">\n.flex_column.av-7x08j-faa904c8a417e51c5ae57c657c7bb99a{\nborder-radius:0px 0px 0px 0px;\n-webkit-border-radius:0px 0px 0px 0px;\n-moz-border-radius:0px 0px 0px 0px;\n}\n<\/style>\n<div class='flex_column av-7x08j-faa904c8a417e51c5ae57c657c7bb99a av_one_fourth  avia-builder-el-9  el_after_av_one_half  avia-builder-el-last  flex_column_div av-zero-column-padding column-top-margin'   ><\/div><\/p>\n","protected":false},"excerpt":{"rendered":"","protected":false},"author":3,"featured_media":0,"parent":0,"menu_order":0,"comment_status":"open","ping_status":"closed","template":"","meta":{"footnotes":""},"class_list":["post-267","page","type-page","status-publish","hentry"],"_links":{"self":[{"href":"https:\/\/realavocat.com\/fr\/wp-json\/wp\/v2\/pages\/267","targetHints":{"allow":["GET"]}}],"collection":[{"href":"https:\/\/realavocat.com\/fr\/wp-json\/wp\/v2\/pages"}],"about":[{"href":"https:\/\/realavocat.com\/fr\/wp-json\/wp\/v2\/types\/page"}],"author":[{"embeddable":true,"href":"https:\/\/realavocat.com\/fr\/wp-json\/wp\/v2\/users\/3"}],"replies":[{"embeddable":true,"href":"https:\/\/realavocat.com\/fr\/wp-json\/wp\/v2\/comments?post=267"}],"version-history":[{"count":35,"href":"https:\/\/realavocat.com\/fr\/wp-json\/wp\/v2\/pages\/267\/revisions"}],"predecessor-version":[{"id":1182,"href":"https:\/\/realavocat.com\/fr\/wp-json\/wp\/v2\/pages\/267\/revisions\/1182"}],"wp:attachment":[{"href":"https:\/\/realavocat.com\/fr\/wp-json\/wp\/v2\/media?parent=267"}],"curies":[{"name":"wp","href":"https:\/\/api.w.org\/{rel}","templated":true}]}}