{"id":265,"date":"2015-10-29T00:14:35","date_gmt":"2015-10-29T00:14:35","guid":{"rendered":"https:\/\/realavocat.com\/fr\/?page_id=265"},"modified":"2017-10-02T11:57:32","modified_gmt":"2017-10-02T11:57:32","slug":"bienvenue","status":"publish","type":"page","link":"https:\/\/realavocat.com\/fr\/bienvenue\/","title":{"rendered":"BIENVENUE"},"content":{"rendered":"<div id='full_slider_1'  class='avia-fullwidth-slider main_color avia-shadow   avia-builder-el-0  el_before_av_one_full  avia-builder-el-first   container_wrap fullsize'  ><div   data-size='no scaling'  data-lightbox_size='large'  data-animation='fade'  data-conditional_play=''  data-ids='172,185'  data-video_counter='0'  data-autoplay='true'  data-bg_slider='false'  data-slide_height=''  data-handle='av_slideshow_full'  data-interval='5'  data-class=' image_no_stretch'  data-el_id=''  data-css_id=''  data-scroll_down=''  data-control_layout='av-control-hidden'  data-custom_markup=''  data-perma_caption=''  data-autoplay_stopper=''  data-image_attachment=''  data-min_height='0px'  data-lazy_loading='disabled'  data-src=''  data-position='top left'  data-repeat='no-repeat'  data-attach='scroll'  data-stretch='image_no_stretch'  data-img_scrset=''  class='avia-slideshow avia-slideshow-1  av-control-hidden av-default-height-applied avia-slideshow-no scaling av_slideshow_full  image_no_stretch avia-fade-slider '  itemprop=\"image\" itemscope=\"itemscope\" itemtype=\"https:\/\/schema.org\/ImageObject\" ><ul class='avia-slideshow-inner ' style='padding-bottom: 11.40625%;' ><li  class=' slide-1 ' ><div data-rel='slideshow-1' class='avia-slide-wrap '   ><img decoding=\"async\" class=\"wp-image-172 avia-img-lazy-loading-not-172\"  src=\"https:\/\/realavocat.com\/wp-content\/uploads\/2015\/06\/court.jpg\" width=\"1920\" height=\"219\" title='court' alt=''  itemprop=\"thumbnailUrl\" srcset=\"https:\/\/realavocat.com\/wp-content\/uploads\/2015\/06\/court.jpg 1920w, https:\/\/realavocat.com\/wp-content\/uploads\/2015\/06\/court-300x34.jpg 300w, https:\/\/realavocat.com\/wp-content\/uploads\/2015\/06\/court-1030x117.jpg 1030w, https:\/\/realavocat.com\/wp-content\/uploads\/2015\/06\/court-1500x171.jpg 1500w, https:\/\/realavocat.com\/wp-content\/uploads\/2015\/06\/court-705x80.jpg 705w, https:\/\/realavocat.com\/wp-content\/uploads\/2015\/06\/court-450x51.jpg 450w\" sizes=\"(max-width: 1920px) 100vw, 1920px\" \/><\/div><\/li><li  class=' slide-2 ' ><div data-rel='slideshow-1' class='avia-slide-wrap '   ><img decoding=\"async\" class=\"wp-image-185 avia-img-lazy-loading-not-185\"  src=\"https:\/\/realavocat.com\/wp-content\/uploads\/2015\/06\/welco.jpg\" width=\"1920\" height=\"219\" title='welco' alt=''  itemprop=\"thumbnailUrl\" srcset=\"https:\/\/realavocat.com\/wp-content\/uploads\/2015\/06\/welco.jpg 1920w, https:\/\/realavocat.com\/wp-content\/uploads\/2015\/06\/welco-300x34.jpg 300w, https:\/\/realavocat.com\/wp-content\/uploads\/2015\/06\/welco-1030x117.jpg 1030w, https:\/\/realavocat.com\/wp-content\/uploads\/2015\/06\/welco-1500x171.jpg 1500w, https:\/\/realavocat.com\/wp-content\/uploads\/2015\/06\/welco-705x80.jpg 705w, https:\/\/realavocat.com\/wp-content\/uploads\/2015\/06\/welco-450x51.jpg 450w\" sizes=\"(max-width: 1920px) 100vw, 1920px\" \/><\/div><\/li><\/ul><div class='avia-slideshow-arrows avia-slideshow-controls' ><a href='#prev' class='prev-slide ' aria-hidden='true' data-av_icon='\ue87c' data-av_iconfont='entypo-fontello'  tabindex='-1'>Pr\u00e9c\u00e9dent<\/a><a href='#next' class='next-slide ' aria-hidden='true' data-av_icon='\ue87d' data-av_iconfont='entypo-fontello'  tabindex='-1'>Suivant<\/a><\/div><div class='avia-slideshow-dots avia-slideshow-controls'><a href='#1' class='goto-slide active' >1<\/a><a href='#2' class='goto-slide ' >2<\/a><\/div><\/div><\/div><div id='after_full_slider_1'  class='main_color av_default_container_wrap container_wrap fullsize'  ><div class='container av-section-cont-open' ><div class='template-page content  av-content-full alpha units'><div class='post-entry post-entry-type-page post-entry-265'><div class='entry-content-wrapper clearfix'>\n\n<style type=\"text\/css\" data-created_by=\"avia_inline_auto\" id=\"style-css-av-av_one_full-352b07ef7d3bc99b2e9f92e7a9e06bdb\">\n.flex_column.av-av_one_full-352b07ef7d3bc99b2e9f92e7a9e06bdb{\nborder-radius:0px 0px 0px 0px;\n-webkit-border-radius:0px 0px 0px 0px;\n-moz-border-radius:0px 0px 0px 0px;\n}\n<\/style>\n<div class='flex_column av-av_one_full-352b07ef7d3bc99b2e9f92e7a9e06bdb av_one_full  avia-builder-el-1  el_after_av_slideshow_full  avia-builder-el-no-sibling  first flex_column_div av-zero-column-padding '   ><p>\n<style type=\"text\/css\" data-created_by=\"avia_inline_auto\" id=\"style-css-av-av_heading-09c4563c7873bc713fcb1dbaef1a1923\">\n#top .av-special-heading.av-av_heading-09c4563c7873bc713fcb1dbaef1a1923{\npadding-bottom:10px;\nfont-size:30px;\n}\nbody .av-special-heading.av-av_heading-09c4563c7873bc713fcb1dbaef1a1923 .av-special-heading-tag .heading-char{\nfont-size:25px;\n}\n#top #wrap_all .av-special-heading.av-av_heading-09c4563c7873bc713fcb1dbaef1a1923 .av-special-heading-tag{\nfont-size:30px;\n}\n.av-special-heading.av-av_heading-09c4563c7873bc713fcb1dbaef1a1923 .av-subheading{\nfont-size:15px;\n}\n<\/style>\n<div  class='av-special-heading av-av_heading-09c4563c7873bc713fcb1dbaef1a1923 av-special-heading-h1 blockquote modern-quote modern-centered  avia-builder-el-2  el_before_av_hr  avia-builder-el-first  av-inherit-size'><h1 class='av-special-heading-tag'  itemprop=\"headline\"  >BIENVENUE<\/h1><div class=\"special-heading-border\"><div class=\"special-heading-inner-border\"><\/div><\/div><\/div><br \/>\n\n<style type=\"text\/css\" data-created_by=\"avia_inline_auto\" id=\"style-css-av-av_hr-ee2847e2e025ce3d30801259a03f9fd4\">\n#top .hr.hr-invisible.av-av_hr-ee2847e2e025ce3d30801259a03f9fd4{\nheight:10px;\n}\n<\/style>\n<div  class='hr av-av_hr-ee2847e2e025ce3d30801259a03f9fd4 hr-invisible  avia-builder-el-3  el_after_av_heading  el_before_av_textblock '><span class='hr-inner '><span class=\"hr-inner-style\"><\/span><\/span><\/div><br \/>\n<section  class='av_textblock_section av-av_textblock-0366cc7376be6c9e82a3e9cc8987b64f'  itemscope=\"itemscope\" itemtype=\"https:\/\/schema.org\/CreativeWork\" ><div class='avia_textblock'  itemprop=\"text\" ><p>L\u2019Etude REAL AVOCATS est une \u00e9tude ind\u00e9pendante d\u2019avocats jeunes et dynamiques, fond\u00e9e en 2015 par Ma\u00eetre Maria Ana REAL GERALDO DIAS, Avocat \u00e0 la Cour.<\/p>\n<p>Situ\u00e9e en plein c\u0153ur de la Ville du Luxembourg, l\u2019Etude REAL AVOCATS offre l\u2019ensemble de ses services, en mati\u00e8re de conseil et de repr\u00e9sentation en justice \u00e0 une client\u00e8le vari\u00e9e et internationale.<\/p>\n<p>Nous traitons toutes les mati\u00e8res relatives au contentieux avec une connotation plus accentu\u00e9e pour les mati\u00e8res telles que le droit civil et le droit commercial, le droit de la famille, le droit immobilier, le droit p\u00e9nal, le droit du travail et le droit de l\u2019Union Europ\u00e9enne.<\/p>\n<p>A travers un solide r\u00e9seau de cabinets d\u2019avocats internationaux, l\u2019Etude a toujours le souci de fournir un travail sur mesure en y apportant des solutions pour un grand nombre de clients.<\/p>\n<p>Nous conseillons \u00e9galement des clients ayant des int\u00e9r\u00eats \u00e0 investir au Portugal. Gr\u00e2ce \u00e0 son d\u00e9partement juridique portugais ainsi qu\u2019\u00e0 ses partenariats \u00e0 Lisbonne, nous fournissons des conseils l\u00e9gaux ad\u00e9quats, tant au niveau des investissements nationaux ainsi que d\u2019un point de vue l\u00e9gislatif.<\/p>\n<p>Tr\u00e8s pr\u00e9occup\u00e9s par le souci de procurer une grande satisfaction \u00e0 nos clients, nous nous engageons \u00e0 d\u00e9livrer des services et des solutions l\u00e9gaux efficaces \u00e0 nos clients tout en y attachant l\u2019importance de la qualit\u00e9, de l\u2019efficacit\u00e9 et de la r\u00e9activit\u00e9.<\/p>\n<p>Les avocats de l\u2019Etude peuvent aussi bien travailler avec des clients en fran\u00e7ais, anglais, allemand, portugais et luxembourgeois.<\/p>\n<\/div><\/section><\/p><\/div>\n","protected":false},"excerpt":{"rendered":"","protected":false},"author":3,"featured_media":0,"parent":0,"menu_order":0,"comment_status":"open","ping_status":"closed","template":"","meta":{"footnotes":""},"class_list":["post-265","page","type-page","status-publish","hentry"],"_links":{"self":[{"href":"https:\/\/realavocat.com\/fr\/wp-json\/wp\/v2\/pages\/265","targetHints":{"allow":["GET"]}}],"collection":[{"href":"https:\/\/realavocat.com\/fr\/wp-json\/wp\/v2\/pages"}],"about":[{"href":"https:\/\/realavocat.com\/fr\/wp-json\/wp\/v2\/types\/page"}],"author":[{"embeddable":true,"href":"https:\/\/realavocat.com\/fr\/wp-json\/wp\/v2\/users\/3"}],"replies":[{"embeddable":true,"href":"https:\/\/realavocat.com\/fr\/wp-json\/wp\/v2\/comments?post=265"}],"version-history":[{"count":4,"href":"https:\/\/realavocat.com\/fr\/wp-json\/wp\/v2\/pages\/265\/revisions"}],"predecessor-version":[{"id":1178,"href":"https:\/\/realavocat.com\/fr\/wp-json\/wp\/v2\/pages\/265\/revisions\/1178"}],"wp:attachment":[{"href":"https:\/\/realavocat.com\/fr\/wp-json\/wp\/v2\/media?parent=265"}],"curies":[{"name":"wp","href":"https:\/\/api.w.org\/{rel}","templated":true}]}}