{"id":1031,"date":"2021-09-09T19:33:18","date_gmt":"2021-09-09T19:33:18","guid":{"rendered":"https:\/\/realavocat.com\/?page_id=1031"},"modified":"2022-02-01T09:11:40","modified_gmt":"2022-02-01T09:11:40","slug":"maximilien-krzyszton","status":"publish","type":"page","link":"https:\/\/realavocat.com\/fr\/equipe\/maximilien-krzyszton\/","title":{"rendered":"Maximilien Krzyszton"},"content":{"rendered":"<div id='full_slider_1'  class='avia-fullwidth-slider main_color avia-shadow   avia-builder-el-0  el_before_av_two_fifth  avia-builder-el-first   container_wrap fullsize'  ><div   data-size='no scaling'  data-lightbox_size='large'  data-animation='fade'  data-conditional_play=''  data-ids='1013,1014'  data-video_counter='0'  data-autoplay='false'  data-bg_slider='false'  data-slide_height=''  data-handle='av_slideshow_full'  data-interval='5'  data-class=' image_no_stretch'  data-el_id=''  data-css_id=''  data-scroll_down=''  data-control_layout='av-control-hidden'  data-custom_markup=''  data-perma_caption=''  data-autoplay_stopper=''  data-image_attachment=''  data-min_height='0px'  data-lazy_loading='disabled'  data-src=''  data-position='top left'  data-repeat='no-repeat'  data-attach='scroll'  data-stretch='image_no_stretch'  data-img_scrset=''  class='avia-slideshow avia-slideshow-1  av-control-hidden av-default-height-applied avia-slideshow-no scaling av_slideshow_full  image_no_stretch avia-fade-slider '  itemprop=\"image\" itemscope=\"itemscope\" itemtype=\"https:\/\/schema.org\/ImageObject\" ><ul class='avia-slideshow-inner ' style='padding-bottom: 11.40625%;' ><li  class=' slide-1 ' ><div data-rel='slideshow-1' class='avia-slide-wrap '   ><img decoding=\"async\" class=\"wp-image-1013 avia-img-lazy-loading-not-1013\"  src=\"https:\/\/realavocat.com\/wp-content\/uploads\/2015\/09\/about.jpg\" width=\"1920\" height=\"219\" title='about' alt=''  itemprop=\"thumbnailUrl\" srcset=\"https:\/\/realavocat.com\/wp-content\/uploads\/2015\/09\/about.jpg 1920w, https:\/\/realavocat.com\/wp-content\/uploads\/2015\/09\/about-300x34.jpg 300w, https:\/\/realavocat.com\/wp-content\/uploads\/2015\/09\/about-1030x117.jpg 1030w, https:\/\/realavocat.com\/wp-content\/uploads\/2015\/09\/about-1500x171.jpg 1500w, https:\/\/realavocat.com\/wp-content\/uploads\/2015\/09\/about-705x80.jpg 705w, https:\/\/realavocat.com\/wp-content\/uploads\/2015\/09\/about-450x51.jpg 450w\" sizes=\"(max-width: 1920px) 100vw, 1920px\" \/><\/div><\/li><li  class=' slide-2 ' ><div data-rel='slideshow-1' class='avia-slide-wrap '   ><img decoding=\"async\" class=\"wp-image-1014 avia-img-lazy-loading-not-1014\"  src=\"https:\/\/realavocat.com\/wp-content\/uploads\/2015\/09\/abt.jpg\" width=\"1920\" height=\"219\" title='abt' alt=''  itemprop=\"thumbnailUrl\" srcset=\"https:\/\/realavocat.com\/wp-content\/uploads\/2015\/09\/abt.jpg 1920w, https:\/\/realavocat.com\/wp-content\/uploads\/2015\/09\/abt-300x34.jpg 300w, https:\/\/realavocat.com\/wp-content\/uploads\/2015\/09\/abt-1030x117.jpg 1030w, https:\/\/realavocat.com\/wp-content\/uploads\/2015\/09\/abt-1500x171.jpg 1500w, https:\/\/realavocat.com\/wp-content\/uploads\/2015\/09\/abt-705x80.jpg 705w, https:\/\/realavocat.com\/wp-content\/uploads\/2015\/09\/abt-450x51.jpg 450w\" sizes=\"(max-width: 1920px) 100vw, 1920px\" \/><\/div><\/li><\/ul><div class='avia-slideshow-arrows avia-slideshow-controls' ><a href='#prev' class='prev-slide ' aria-hidden='true' data-av_icon='\ue87c' data-av_iconfont='entypo-fontello'  tabindex='-1'>Pr\u00e9c\u00e9dent<\/a><a href='#next' class='next-slide ' aria-hidden='true' data-av_icon='\ue87d' data-av_iconfont='entypo-fontello'  tabindex='-1'>Suivant<\/a><\/div><div class='avia-slideshow-dots avia-slideshow-controls'><a href='#1' class='goto-slide active' >1<\/a><a href='#2' class='goto-slide ' >2<\/a><\/div><\/div><\/div><div id='after_full_slider_1'  class='main_color av_default_container_wrap container_wrap fullsize'  ><div class='container av-section-cont-open' ><div class='template-page content  av-content-full alpha units'><div class='post-entry post-entry-type-page post-entry-1031'><div class='entry-content-wrapper clearfix'>\n\n<style type=\"text\/css\" data-created_by=\"avia_inline_auto\" id=\"style-css-av-av_two_fifth-15d750bd1b332b34c6e70b077ebbccdf\">\n.flex_column.av-av_two_fifth-15d750bd1b332b34c6e70b077ebbccdf{\nborder-radius:0px 0px 0px 0px;\n-webkit-border-radius:0px 0px 0px 0px;\n-moz-border-radius:0px 0px 0px 0px;\n}\n<\/style>\n<div class='flex_column av-av_two_fifth-15d750bd1b332b34c6e70b077ebbccdf av_two_fifth  avia-builder-el-1  el_after_av_slideshow_full  el_before_av_three_fifth  avia-builder-el-first  first flex_column_div av-zero-column-padding '   ><style type=\"text\/css\" data-created_by=\"avia_inline_auto\" id=\"style-css-av-av_image-9f97a429b3011a06c4ca64497655aab7\">\n.avia-image-container.av-av_image-9f97a429b3011a06c4ca64497655aab7 .av-image-caption-overlay-center{\ncolor:#ffffff;\n}\n<\/style>\n<div  class='avia-image-container av-av_image-9f97a429b3011a06c4ca64497655aab7 av-styling- avia-align-center  avia-builder-el-2  avia-builder-el-no-sibling '  itemprop=\"image\" itemscope=\"itemscope\" itemtype=\"https:\/\/schema.org\/ImageObject\" ><div class=\"avia-image-container-inner\"><div class=\"avia-image-overlay-wrap\"><img decoding=\"async\" class='wp-image-1087 avia-img-lazy-loading-not-1087 avia_image' src=\"https:\/\/realavocat.com\/wp-content\/uploads\/2021\/10\/Max_01-246x300.jpg\" alt='' title='Max_01'  height=\"300\" width=\"246\"  itemprop=\"thumbnailUrl\" srcset=\"https:\/\/realavocat.com\/wp-content\/uploads\/2021\/10\/Max_01-246x300.jpg 246w, https:\/\/realavocat.com\/wp-content\/uploads\/2021\/10\/Max_01-450x548.jpg 450w, https:\/\/realavocat.com\/wp-content\/uploads\/2021\/10\/Max_01.jpg 538w\" sizes=\"(max-width: 246px) 100vw, 246px\" \/><\/div><\/div><\/div><\/div>\n\n<style type=\"text\/css\" data-created_by=\"avia_inline_auto\" id=\"style-css-av-av_three_fifth-c8fc129dc35fd1ae2a1e410224d39ea8\">\n.flex_column.av-av_three_fifth-c8fc129dc35fd1ae2a1e410224d39ea8{\nborder-radius:0px 0px 0px 0px;\n-webkit-border-radius:0px 0px 0px 0px;\n-moz-border-radius:0px 0px 0px 0px;\n}\n<\/style>\n<div class='flex_column av-av_three_fifth-c8fc129dc35fd1ae2a1e410224d39ea8 av_three_fifth  avia-builder-el-3  el_after_av_two_fifth  avia-builder-el-last  flex_column_div av-zero-column-padding '   ><p><section  class='av_textblock_section av-av_textblock-2de302bf1aa3cf4c9157dbe6f50ac7eb'  itemscope=\"itemscope\" itemtype=\"https:\/\/schema.org\/CreativeWork\" ><div class='avia_textblock'  itemprop=\"text\" ><p><strong>Maximilien Krzyszton<br \/>\n<\/strong><em>Partner<\/em><\/p>\n<p class=\"p1\">n\u00e9 \u00e0 Metz le 17 d\u00e9cembre 1980<br \/>\nadmis au Barreau de Luxembourg en 2007<br \/>\navocat \u00e0 la Cour<\/p>\n<\/div><\/section><br \/>\n\n<style type=\"text\/css\" data-created_by=\"avia_inline_auto\" id=\"style-css-av-av_hr-373523e22f0366b13a549278f1ad345e\">\n#top .hr.hr-invisible.av-av_hr-373523e22f0366b13a549278f1ad345e{\nheight:10px;\n}\n<\/style>\n<div  class='hr av-av_hr-373523e22f0366b13a549278f1ad345e hr-invisible  avia-builder-el-5  el_after_av_textblock  el_before_av_textblock '><span class='hr-inner '><span class=\"hr-inner-style\"><\/span><\/span><\/div><br \/>\n<section  class='av_textblock_section av-av_textblock-2de302bf1aa3cf4c9157dbe6f50ac7eb'  itemscope=\"itemscope\" itemtype=\"https:\/\/schema.org\/CreativeWork\" ><div class='avia_textblock'  itemprop=\"text\" ><p class=\"p1\"><b>Parcours universitaire<\/b><\/p>\n<ul class=\"ul1\">\n<li class=\"li2\">Cours compl\u00e9mentaires en droit luxembourgeois, Universit\u00e9 de Luxembourg, 2006<\/li>\n<li class=\"li2\">Master de droit europ\u00e9en d\u00e9livr\u00e9 par l\u2019Universit\u00e9 de Ja\u00e9n, Espagne, 2004<\/li>\n<li class=\"li2\">Ma\u00eetrise de droit priv\u00e9 d\u00e9livr\u00e9 par l\u2019Universit\u00e9 de Lorraine, France, 2003<\/li>\n<\/ul>\n<\/div><\/section><br \/>\n\n<style type=\"text\/css\" data-created_by=\"avia_inline_auto\" id=\"style-css-av-av_hr-373523e22f0366b13a549278f1ad345e\">\n#top .hr.hr-invisible.av-av_hr-373523e22f0366b13a549278f1ad345e{\nheight:10px;\n}\n<\/style>\n<div  class='hr av-av_hr-373523e22f0366b13a549278f1ad345e hr-invisible  avia-builder-el-7  el_after_av_textblock  el_before_av_textblock '><span class='hr-inner '><span class=\"hr-inner-style\"><\/span><\/span><\/div><br \/>\n<section  class='av_textblock_section av-av_textblock-2de302bf1aa3cf4c9157dbe6f50ac7eb'  itemscope=\"itemscope\" itemtype=\"https:\/\/schema.org\/CreativeWork\" ><div class='avia_textblock'  itemprop=\"text\" ><p class=\"p1\"><b>Activit\u00e9s professionnelles<\/b><\/p>\n<ul class=\"ul1\">\n<li class=\"li2\">Collaborateur au sein de l\u2019\u00e9tude REAL, Avocats \u00e0 la Cour, depuis 2020<\/li>\n<li class=\"li2\">Avocat en exercice dans plusieurs cabinets d\u2019avocats renomm\u00e9s au Luxembourg (2007-2020)<\/li>\n<\/ul>\n<\/div><\/section><br \/>\n\n<style type=\"text\/css\" data-created_by=\"avia_inline_auto\" id=\"style-css-av-av_hr-373523e22f0366b13a549278f1ad345e\">\n#top .hr.hr-invisible.av-av_hr-373523e22f0366b13a549278f1ad345e{\nheight:10px;\n}\n<\/style>\n<div  class='hr av-av_hr-373523e22f0366b13a549278f1ad345e hr-invisible  avia-builder-el-9  el_after_av_textblock  el_before_av_textblock '><span class='hr-inner '><span class=\"hr-inner-style\"><\/span><\/span><\/div><br \/>\n<section  class='av_textblock_section av-av_textblock-2de302bf1aa3cf4c9157dbe6f50ac7eb'  itemscope=\"itemscope\" itemtype=\"https:\/\/schema.org\/CreativeWork\" ><div class='avia_textblock'  itemprop=\"text\" ><p class=\"p1\"><span class=\"s1\"><b>Langues<\/b><\/span><\/p>\n<p class=\"p1\">Fran\u00e7ais, anglais et espagnol<\/p>\n<\/div><\/section><\/p><\/div>\n","protected":false},"excerpt":{"rendered":"","protected":false},"author":3,"featured_media":0,"parent":407,"menu_order":0,"comment_status":"closed","ping_status":"closed","template":"","meta":{"footnotes":""},"class_list":["post-1031","page","type-page","status-publish","hentry"],"_links":{"self":[{"href":"https:\/\/realavocat.com\/fr\/wp-json\/wp\/v2\/pages\/1031","targetHints":{"allow":["GET"]}}],"collection":[{"href":"https:\/\/realavocat.com\/fr\/wp-json\/wp\/v2\/pages"}],"about":[{"href":"https:\/\/realavocat.com\/fr\/wp-json\/wp\/v2\/types\/page"}],"author":[{"embeddable":true,"href":"https:\/\/realavocat.com\/fr\/wp-json\/wp\/v2\/users\/3"}],"replies":[{"embeddable":true,"href":"https:\/\/realavocat.com\/fr\/wp-json\/wp\/v2\/comments?post=1031"}],"version-history":[{"count":6,"href":"https:\/\/realavocat.com\/fr\/wp-json\/wp\/v2\/pages\/1031\/revisions"}],"predecessor-version":[{"id":1135,"href":"https:\/\/realavocat.com\/fr\/wp-json\/wp\/v2\/pages\/1031\/revisions\/1135"}],"up":[{"embeddable":true,"href":"https:\/\/realavocat.com\/fr\/wp-json\/wp\/v2\/pages\/407"}],"wp:attachment":[{"href":"https:\/\/realavocat.com\/fr\/wp-json\/wp\/v2\/media?parent=1031"}],"curies":[{"name":"wp","href":"https:\/\/api.w.org\/{rel}","templated":true}]}}